{"id":5224,"date":"2019-11-17T15:13:00","date_gmt":"2019-11-17T15:13:00","guid":{"rendered":"https:\/\/astekaksesuar.com\/?post_type=product&#038;p=5224"},"modified":"2019-11-17T15:13:14","modified_gmt":"2019-11-17T15:13:14","slug":"fermuar-013","status":"publish","type":"product","link":"https:\/\/astekaksesuar.com\/?product=fermuar-013","title":{"rendered":"Fermuar 013"},"content":{"rendered":"","protected":false},"excerpt":{"rendered":"<p>Fermuarlarm\u0131z, ba\u015fta Metal ve Kemik di\u015fli olmak \u00fczere bir \u00e7ok materyalden \u00fcretilebilmektedir. \u0130ri di\u015fli yada daha zarif hatlar\u0131 olan, yerli ve ithal y\u00fcksek kalite fermuarlar\u0131m\u0131z bulunmaktad\u0131r. Elcik modellerimiz ve \u00f6zel tasar\u0131m logolu Elcik se\u00e7eneklerimizle \u00fcr\u00fcnlerinize \u015f\u0131kl\u0131k katabilirsiniz.<\/p>\n","protected":false},"featured_media":5210,"template":"","meta":[],"product_brand":[],"product_cat":[57],"product_tag":[],"class_list":{"0":"post-5224","1":"product","2":"type-product","3":"status-publish","4":"has-post-thumbnail","6":"product_cat-fermuar","8":"first","9":"instock","10":"shipping-taxable","11":"product-type-simple"},"yoast_head":"<!-- This site is optimized with the Yoast SEO plugin v27.5 - https:\/\/yoast.com\/product\/yoast-seo-wordpress\/ -->\n<title>Fermuar 013 - Astek Aksesuar<\/title>\n<meta name=\"robots\" content=\"index, follow, max-snippet:-1, max-image-preview:large, max-video-preview:-1\" \/>\n<link rel=\"canonical\" href=\"https:\/\/astekaksesuar.com\/?product=fermuar-013\" \/>\n<meta property=\"og:locale\" content=\"tr_TR\" \/>\n<meta property=\"og:type\" content=\"article\" \/>\n<meta property=\"og:title\" content=\"Fermuar 013 - Astek Aksesuar\" \/>\n<meta property=\"og:description\" content=\"Fermuarlarm\u0131z, ba\u015fta Metal ve Kemik di\u015fli olmak \u00fczere bir \u00e7ok materyalden \u00fcretilebilmektedir. \u0130ri di\u015fli yada daha zarif hatlar\u0131 olan, yerli ve ithal y\u00fcksek kalite fermuarlar\u0131m\u0131z bulunmaktad\u0131r. Elcik modellerimiz ve \u00f6zel tasar\u0131m logolu Elcik se\u00e7eneklerimizle \u00fcr\u00fcnlerinize \u015f\u0131kl\u0131k katabilirsiniz.\" \/>\n<meta property=\"og:url\" content=\"https:\/\/astekaksesuar.com\/?product=fermuar-013\" \/>\n<meta property=\"og:site_name\" content=\"Astek Aksesuar\" \/>\n<meta property=\"article:modified_time\" content=\"2019-11-17T15:13:14+00:00\" \/>\n<meta property=\"og:image\" content=\"https:\/\/astekaksesuar.com\/wp-content\/uploads\/2019\/11\/13-1.jpg\" \/>\n\t<meta property=\"og:image:width\" content=\"1000\" \/>\n\t<meta property=\"og:image:height\" content=\"1000\" \/>\n\t<meta property=\"og:image:type\" content=\"image\/jpeg\" \/>\n<meta name=\"twitter:card\" content=\"summary_large_image\" \/>\n<script type=\"application\/ld+json\" class=\"yoast-schema-graph\">{\"@context\":\"https:\\\/\\\/schema.org\",\"@graph\":[{\"@type\":\"WebPage\",\"@id\":\"https:\\\/\\\/astekaksesuar.com\\\/?product=fermuar-013\",\"url\":\"https:\\\/\\\/astekaksesuar.com\\\/?product=fermuar-013\",\"name\":\"Fermuar 013 - Astek Aksesuar\",\"isPartOf\":{\"@id\":\"https:\\\/\\\/astekaksesuar.com\\\/#website\"},\"primaryImageOfPage\":{\"@id\":\"https:\\\/\\\/astekaksesuar.com\\\/?product=fermuar-013#primaryimage\"},\"image\":{\"@id\":\"https:\\\/\\\/astekaksesuar.com\\\/?product=fermuar-013#primaryimage\"},\"thumbnailUrl\":\"https:\\\/\\\/astekaksesuar.com\\\/wp-content\\\/uploads\\\/2019\\\/11\\\/13-1.jpg\",\"datePublished\":\"2019-11-17T15:13:00+00:00\",\"dateModified\":\"2019-11-17T15:13:14+00:00\",\"breadcrumb\":{\"@id\":\"https:\\\/\\\/astekaksesuar.com\\\/?product=fermuar-013#breadcrumb\"},\"inLanguage\":\"tr\",\"potentialAction\":[{\"@type\":\"ReadAction\",\"target\":[\"https:\\\/\\\/astekaksesuar.com\\\/?product=fermuar-013\"]}]},{\"@type\":\"ImageObject\",\"inLanguage\":\"tr\",\"@id\":\"https:\\\/\\\/astekaksesuar.com\\\/?product=fermuar-013#primaryimage\",\"url\":\"https:\\\/\\\/astekaksesuar.com\\\/wp-content\\\/uploads\\\/2019\\\/11\\\/13-1.jpg\",\"contentUrl\":\"https:\\\/\\\/astekaksesuar.com\\\/wp-content\\\/uploads\\\/2019\\\/11\\\/13-1.jpg\",\"width\":1000,\"height\":1000},{\"@type\":\"BreadcrumbList\",\"@id\":\"https:\\\/\\\/astekaksesuar.com\\\/?product=fermuar-013#breadcrumb\",\"itemListElement\":[{\"@type\":\"ListItem\",\"position\":1,\"name\":\"Ana sayfa\",\"item\":\"https:\\\/\\\/astekaksesuar.com\\\/\"},{\"@type\":\"ListItem\",\"position\":2,\"name\":\"Shop\",\"item\":\"https:\\\/\\\/astekaksesuar.com\\\/?page_id=5516\"},{\"@type\":\"ListItem\",\"position\":3,\"name\":\"Fermuar 013\"}]},{\"@type\":\"WebSite\",\"@id\":\"https:\\\/\\\/astekaksesuar.com\\\/#website\",\"url\":\"https:\\\/\\\/astekaksesuar.com\\\/\",\"name\":\"Astek Aksesuar\",\"description\":\"Aksesuar, D\u00fc\u011fme, Bro\u015f ve Fermuarlar\",\"publisher\":{\"@id\":\"https:\\\/\\\/astekaksesuar.com\\\/#organization\"},\"potentialAction\":[{\"@type\":\"SearchAction\",\"target\":{\"@type\":\"EntryPoint\",\"urlTemplate\":\"https:\\\/\\\/astekaksesuar.com\\\/?s={search_term_string}\"},\"query-input\":{\"@type\":\"PropertyValueSpecification\",\"valueRequired\":true,\"valueName\":\"search_term_string\"}}],\"inLanguage\":\"tr\"},{\"@type\":\"Organization\",\"@id\":\"https:\\\/\\\/astekaksesuar.com\\\/#organization\",\"name\":\"Astek Aksesuar\",\"url\":\"https:\\\/\\\/astekaksesuar.com\\\/\",\"logo\":{\"@type\":\"ImageObject\",\"inLanguage\":\"tr\",\"@id\":\"https:\\\/\\\/astekaksesuar.com\\\/#\\\/schema\\\/logo\\\/image\\\/\",\"url\":\"\",\"contentUrl\":\"\",\"caption\":\"Astek Aksesuar\"},\"image\":{\"@id\":\"https:\\\/\\\/astekaksesuar.com\\\/#\\\/schema\\\/logo\\\/image\\\/\"}}]}<\/script>\n<!-- \/ Yoast SEO plugin. -->","yoast_head_json":{"title":"Fermuar 013 - Astek Aksesuar","robots":{"index":"index","follow":"follow","max-snippet":"max-snippet:-1","max-image-preview":"max-image-preview:large","max-video-preview":"max-video-preview:-1"},"canonical":"https:\/\/astekaksesuar.com\/?product=fermuar-013","og_locale":"tr_TR","og_type":"article","og_title":"Fermuar 013 - Astek Aksesuar","og_description":"Fermuarlarm\u0131z, ba\u015fta Metal ve Kemik di\u015fli olmak \u00fczere bir \u00e7ok materyalden \u00fcretilebilmektedir. \u0130ri di\u015fli yada daha zarif hatlar\u0131 olan, yerli ve ithal y\u00fcksek kalite fermuarlar\u0131m\u0131z bulunmaktad\u0131r. Elcik modellerimiz ve \u00f6zel tasar\u0131m logolu Elcik se\u00e7eneklerimizle \u00fcr\u00fcnlerinize \u015f\u0131kl\u0131k katabilirsiniz.","og_url":"https:\/\/astekaksesuar.com\/?product=fermuar-013","og_site_name":"Astek Aksesuar","article_modified_time":"2019-11-17T15:13:14+00:00","og_image":[{"width":1000,"height":1000,"url":"https:\/\/astekaksesuar.com\/wp-content\/uploads\/2019\/11\/13-1.jpg","type":"image\/jpeg"}],"twitter_card":"summary_large_image","schema":{"@context":"https:\/\/schema.org","@graph":[{"@type":"WebPage","@id":"https:\/\/astekaksesuar.com\/?product=fermuar-013","url":"https:\/\/astekaksesuar.com\/?product=fermuar-013","name":"Fermuar 013 - Astek Aksesuar","isPartOf":{"@id":"https:\/\/astekaksesuar.com\/#website"},"primaryImageOfPage":{"@id":"https:\/\/astekaksesuar.com\/?product=fermuar-013#primaryimage"},"image":{"@id":"https:\/\/astekaksesuar.com\/?product=fermuar-013#primaryimage"},"thumbnailUrl":"https:\/\/astekaksesuar.com\/wp-content\/uploads\/2019\/11\/13-1.jpg","datePublished":"2019-11-17T15:13:00+00:00","dateModified":"2019-11-17T15:13:14+00:00","breadcrumb":{"@id":"https:\/\/astekaksesuar.com\/?product=fermuar-013#breadcrumb"},"inLanguage":"tr","potentialAction":[{"@type":"ReadAction","target":["https:\/\/astekaksesuar.com\/?product=fermuar-013"]}]},{"@type":"ImageObject","inLanguage":"tr","@id":"https:\/\/astekaksesuar.com\/?product=fermuar-013#primaryimage","url":"https:\/\/astekaksesuar.com\/wp-content\/uploads\/2019\/11\/13-1.jpg","contentUrl":"https:\/\/astekaksesuar.com\/wp-content\/uploads\/2019\/11\/13-1.jpg","width":1000,"height":1000},{"@type":"BreadcrumbList","@id":"https:\/\/astekaksesuar.com\/?product=fermuar-013#breadcrumb","itemListElement":[{"@type":"ListItem","position":1,"name":"Ana sayfa","item":"https:\/\/astekaksesuar.com\/"},{"@type":"ListItem","position":2,"name":"Shop","item":"https:\/\/astekaksesuar.com\/?page_id=5516"},{"@type":"ListItem","position":3,"name":"Fermuar 013"}]},{"@type":"WebSite","@id":"https:\/\/astekaksesuar.com\/#website","url":"https:\/\/astekaksesuar.com\/","name":"Astek Aksesuar","description":"Aksesuar, D\u00fc\u011fme, Bro\u015f ve Fermuarlar","publisher":{"@id":"https:\/\/astekaksesuar.com\/#organization"},"potentialAction":[{"@type":"SearchAction","target":{"@type":"EntryPoint","urlTemplate":"https:\/\/astekaksesuar.com\/?s={search_term_string}"},"query-input":{"@type":"PropertyValueSpecification","valueRequired":true,"valueName":"search_term_string"}}],"inLanguage":"tr"},{"@type":"Organization","@id":"https:\/\/astekaksesuar.com\/#organization","name":"Astek Aksesuar","url":"https:\/\/astekaksesuar.com\/","logo":{"@type":"ImageObject","inLanguage":"tr","@id":"https:\/\/astekaksesuar.com\/#\/schema\/logo\/image\/","url":"","contentUrl":"","caption":"Astek Aksesuar"},"image":{"@id":"https:\/\/astekaksesuar.com\/#\/schema\/logo\/image\/"}}]}},"_links":{"self":[{"href":"https:\/\/astekaksesuar.com\/index.php?rest_route=\/wp\/v2\/product\/5224","targetHints":{"allow":["GET"]}}],"collection":[{"href":"https:\/\/astekaksesuar.com\/index.php?rest_route=\/wp\/v2\/product"}],"about":[{"href":"https:\/\/astekaksesuar.com\/index.php?rest_route=\/wp\/v2\/types\/product"}],"version-history":[{"count":1,"href":"https:\/\/astekaksesuar.com\/index.php?rest_route=\/wp\/v2\/product\/5224\/revisions"}],"predecessor-version":[{"id":5225,"href":"https:\/\/astekaksesuar.com\/index.php?rest_route=\/wp\/v2\/product\/5224\/revisions\/5225"}],"wp:featuredmedia":[{"embeddable":true,"href":"https:\/\/astekaksesuar.com\/index.php?rest_route=\/wp\/v2\/media\/5210"}],"wp:attachment":[{"href":"https:\/\/astekaksesuar.com\/index.php?rest_route=%2Fwp%2Fv2%2Fmedia&parent=5224"}],"wp:term":[{"taxonomy":"product_brand","embeddable":true,"href":"https:\/\/astekaksesuar.com\/index.php?rest_route=%2Fwp%2Fv2%2Fproduct_brand&post=5224"},{"taxonomy":"product_cat","embeddable":true,"href":"https:\/\/astekaksesuar.com\/index.php?rest_route=%2Fwp%2Fv2%2Fproduct_cat&post=5224"},{"taxonomy":"product_tag","embeddable":true,"href":"https:\/\/astekaksesuar.com\/index.php?rest_route=%2Fwp%2Fv2%2Fproduct_tag&post=5224"}],"curies":[{"name":"wp","href":"https:\/\/api.w.org\/{rel}","templated":true}]}}