{"id":4663,"date":"2019-11-15T11:58:21","date_gmt":"2019-11-15T11:58:21","guid":{"rendered":"http:\/\/astekaksesuar.com\/?post_type=product&#038;p=4663"},"modified":"2019-11-15T12:08:22","modified_gmt":"2019-11-15T12:08:22","slug":"bros-01-copy","status":"publish","type":"product","link":"https:\/\/astekaksesuar.com\/?product=bros-01-copy","title":{"rendered":"Bro\u015f 02"},"content":{"rendered":"","protected":false},"excerpt":{"rendered":"<p>Giyimde \u015f\u0131kl\u0131\u011f\u0131n simgesi ve zarif par\u00e7alardan biri olarak kabul edilen bro\u015flar, farkl\u0131 tarzlar\u0131 ve moda stillerini yans\u0131t\u0131r. S\u0131radan bir \u00fcr\u00fcn\u00fc daha elegan ve zarif g\u00f6steren bu par\u00e7alar, \u00fcr\u00fcnlerinize zengin bir hava katacakt\u0131r. Geni\u015f \u00fcr\u00fcn yelpazesi ile farkl\u0131 tasar\u0131mlara sahip t\u00fcm bro\u015f modellerimiz y\u00fcksek kalite standartlar\u0131nda \u00fcretilmektedir.<\/p>\n","protected":false},"featured_media":4664,"template":"","meta":[],"product_brand":[],"product_cat":[56],"product_tag":[],"class_list":{"0":"post-4663","1":"product","2":"type-product","3":"status-publish","4":"has-post-thumbnail","6":"product_cat-broslar","8":"first","9":"instock","10":"shipping-taxable","11":"product-type-simple"},"yoast_head":"<!-- This site is optimized with the Yoast SEO plugin v27.5 - https:\/\/yoast.com\/product\/yoast-seo-wordpress\/ -->\n<title>Bro\u015f 02 - Astek Aksesuar<\/title>\n<meta name=\"robots\" content=\"index, follow, max-snippet:-1, max-image-preview:large, max-video-preview:-1\" \/>\n<link rel=\"canonical\" href=\"https:\/\/astekaksesuar.com\/?product=bros-01-copy\" \/>\n<meta property=\"og:locale\" content=\"tr_TR\" \/>\n<meta property=\"og:type\" content=\"article\" \/>\n<meta property=\"og:title\" content=\"Bro\u015f 02 - Astek Aksesuar\" \/>\n<meta property=\"og:description\" content=\"Giyimde \u015f\u0131kl\u0131\u011f\u0131n simgesi ve zarif par\u00e7alardan biri olarak kabul edilen bro\u015flar, farkl\u0131 tarzlar\u0131 ve moda stillerini yans\u0131t\u0131r. S\u0131radan bir \u00fcr\u00fcn\u00fc daha elegan ve zarif g\u00f6steren bu par\u00e7alar, \u00fcr\u00fcnlerinize zengin bir hava katacakt\u0131r. Geni\u015f \u00fcr\u00fcn yelpazesi ile farkl\u0131 tasar\u0131mlara sahip t\u00fcm bro\u015f modellerimiz y\u00fcksek kalite standartlar\u0131nda \u00fcretilmektedir.\" \/>\n<meta property=\"og:url\" content=\"https:\/\/astekaksesuar.com\/?product=bros-01-copy\" \/>\n<meta property=\"og:site_name\" content=\"Astek Aksesuar\" \/>\n<meta property=\"article:modified_time\" content=\"2019-11-15T12:08:22+00:00\" \/>\n<meta property=\"og:image\" content=\"https:\/\/astekaksesuar.com\/wp-content\/uploads\/2019\/11\/02.jpg\" \/>\n\t<meta property=\"og:image:width\" content=\"1000\" \/>\n\t<meta property=\"og:image:height\" content=\"1000\" \/>\n\t<meta property=\"og:image:type\" content=\"image\/jpeg\" \/>\n<meta name=\"twitter:card\" content=\"summary_large_image\" \/>\n<script type=\"application\/ld+json\" class=\"yoast-schema-graph\">{\"@context\":\"https:\\\/\\\/schema.org\",\"@graph\":[{\"@type\":\"WebPage\",\"@id\":\"https:\\\/\\\/astekaksesuar.com\\\/?product=bros-01-copy\",\"url\":\"https:\\\/\\\/astekaksesuar.com\\\/?product=bros-01-copy\",\"name\":\"Bro\u015f 02 - Astek Aksesuar\",\"isPartOf\":{\"@id\":\"https:\\\/\\\/astekaksesuar.com\\\/#website\"},\"primaryImageOfPage\":{\"@id\":\"https:\\\/\\\/astekaksesuar.com\\\/?product=bros-01-copy#primaryimage\"},\"image\":{\"@id\":\"https:\\\/\\\/astekaksesuar.com\\\/?product=bros-01-copy#primaryimage\"},\"thumbnailUrl\":\"https:\\\/\\\/astekaksesuar.com\\\/wp-content\\\/uploads\\\/2019\\\/11\\\/02.jpg\",\"datePublished\":\"2019-11-15T11:58:21+00:00\",\"dateModified\":\"2019-11-15T12:08:22+00:00\",\"breadcrumb\":{\"@id\":\"https:\\\/\\\/astekaksesuar.com\\\/?product=bros-01-copy#breadcrumb\"},\"inLanguage\":\"tr\",\"potentialAction\":[{\"@type\":\"ReadAction\",\"target\":[\"https:\\\/\\\/astekaksesuar.com\\\/?product=bros-01-copy\"]}]},{\"@type\":\"ImageObject\",\"inLanguage\":\"tr\",\"@id\":\"https:\\\/\\\/astekaksesuar.com\\\/?product=bros-01-copy#primaryimage\",\"url\":\"https:\\\/\\\/astekaksesuar.com\\\/wp-content\\\/uploads\\\/2019\\\/11\\\/02.jpg\",\"contentUrl\":\"https:\\\/\\\/astekaksesuar.com\\\/wp-content\\\/uploads\\\/2019\\\/11\\\/02.jpg\",\"width\":1000,\"height\":1000},{\"@type\":\"BreadcrumbList\",\"@id\":\"https:\\\/\\\/astekaksesuar.com\\\/?product=bros-01-copy#breadcrumb\",\"itemListElement\":[{\"@type\":\"ListItem\",\"position\":1,\"name\":\"Ana sayfa\",\"item\":\"https:\\\/\\\/astekaksesuar.com\\\/\"},{\"@type\":\"ListItem\",\"position\":2,\"name\":\"Shop\",\"item\":\"https:\\\/\\\/astekaksesuar.com\\\/?page_id=5516\"},{\"@type\":\"ListItem\",\"position\":3,\"name\":\"Bro\u015f 02\"}]},{\"@type\":\"WebSite\",\"@id\":\"https:\\\/\\\/astekaksesuar.com\\\/#website\",\"url\":\"https:\\\/\\\/astekaksesuar.com\\\/\",\"name\":\"Astek Aksesuar\",\"description\":\"Aksesuar, D\u00fc\u011fme, Bro\u015f ve Fermuarlar\",\"publisher\":{\"@id\":\"https:\\\/\\\/astekaksesuar.com\\\/#organization\"},\"potentialAction\":[{\"@type\":\"SearchAction\",\"target\":{\"@type\":\"EntryPoint\",\"urlTemplate\":\"https:\\\/\\\/astekaksesuar.com\\\/?s={search_term_string}\"},\"query-input\":{\"@type\":\"PropertyValueSpecification\",\"valueRequired\":true,\"valueName\":\"search_term_string\"}}],\"inLanguage\":\"tr\"},{\"@type\":\"Organization\",\"@id\":\"https:\\\/\\\/astekaksesuar.com\\\/#organization\",\"name\":\"Astek Aksesuar\",\"url\":\"https:\\\/\\\/astekaksesuar.com\\\/\",\"logo\":{\"@type\":\"ImageObject\",\"inLanguage\":\"tr\",\"@id\":\"https:\\\/\\\/astekaksesuar.com\\\/#\\\/schema\\\/logo\\\/image\\\/\",\"url\":\"\",\"contentUrl\":\"\",\"caption\":\"Astek Aksesuar\"},\"image\":{\"@id\":\"https:\\\/\\\/astekaksesuar.com\\\/#\\\/schema\\\/logo\\\/image\\\/\"}}]}<\/script>\n<!-- \/ Yoast SEO plugin. -->","yoast_head_json":{"title":"Bro\u015f 02 - Astek Aksesuar","robots":{"index":"index","follow":"follow","max-snippet":"max-snippet:-1","max-image-preview":"max-image-preview:large","max-video-preview":"max-video-preview:-1"},"canonical":"https:\/\/astekaksesuar.com\/?product=bros-01-copy","og_locale":"tr_TR","og_type":"article","og_title":"Bro\u015f 02 - Astek Aksesuar","og_description":"Giyimde \u015f\u0131kl\u0131\u011f\u0131n simgesi ve zarif par\u00e7alardan biri olarak kabul edilen bro\u015flar, farkl\u0131 tarzlar\u0131 ve moda stillerini yans\u0131t\u0131r. S\u0131radan bir \u00fcr\u00fcn\u00fc daha elegan ve zarif g\u00f6steren bu par\u00e7alar, \u00fcr\u00fcnlerinize zengin bir hava katacakt\u0131r. Geni\u015f \u00fcr\u00fcn yelpazesi ile farkl\u0131 tasar\u0131mlara sahip t\u00fcm bro\u015f modellerimiz y\u00fcksek kalite standartlar\u0131nda \u00fcretilmektedir.","og_url":"https:\/\/astekaksesuar.com\/?product=bros-01-copy","og_site_name":"Astek Aksesuar","article_modified_time":"2019-11-15T12:08:22+00:00","og_image":[{"width":1000,"height":1000,"url":"https:\/\/astekaksesuar.com\/wp-content\/uploads\/2019\/11\/02.jpg","type":"image\/jpeg"}],"twitter_card":"summary_large_image","schema":{"@context":"https:\/\/schema.org","@graph":[{"@type":"WebPage","@id":"https:\/\/astekaksesuar.com\/?product=bros-01-copy","url":"https:\/\/astekaksesuar.com\/?product=bros-01-copy","name":"Bro\u015f 02 - Astek Aksesuar","isPartOf":{"@id":"https:\/\/astekaksesuar.com\/#website"},"primaryImageOfPage":{"@id":"https:\/\/astekaksesuar.com\/?product=bros-01-copy#primaryimage"},"image":{"@id":"https:\/\/astekaksesuar.com\/?product=bros-01-copy#primaryimage"},"thumbnailUrl":"https:\/\/astekaksesuar.com\/wp-content\/uploads\/2019\/11\/02.jpg","datePublished":"2019-11-15T11:58:21+00:00","dateModified":"2019-11-15T12:08:22+00:00","breadcrumb":{"@id":"https:\/\/astekaksesuar.com\/?product=bros-01-copy#breadcrumb"},"inLanguage":"tr","potentialAction":[{"@type":"ReadAction","target":["https:\/\/astekaksesuar.com\/?product=bros-01-copy"]}]},{"@type":"ImageObject","inLanguage":"tr","@id":"https:\/\/astekaksesuar.com\/?product=bros-01-copy#primaryimage","url":"https:\/\/astekaksesuar.com\/wp-content\/uploads\/2019\/11\/02.jpg","contentUrl":"https:\/\/astekaksesuar.com\/wp-content\/uploads\/2019\/11\/02.jpg","width":1000,"height":1000},{"@type":"BreadcrumbList","@id":"https:\/\/astekaksesuar.com\/?product=bros-01-copy#breadcrumb","itemListElement":[{"@type":"ListItem","position":1,"name":"Ana sayfa","item":"https:\/\/astekaksesuar.com\/"},{"@type":"ListItem","position":2,"name":"Shop","item":"https:\/\/astekaksesuar.com\/?page_id=5516"},{"@type":"ListItem","position":3,"name":"Bro\u015f 02"}]},{"@type":"WebSite","@id":"https:\/\/astekaksesuar.com\/#website","url":"https:\/\/astekaksesuar.com\/","name":"Astek Aksesuar","description":"Aksesuar, D\u00fc\u011fme, Bro\u015f ve Fermuarlar","publisher":{"@id":"https:\/\/astekaksesuar.com\/#organization"},"potentialAction":[{"@type":"SearchAction","target":{"@type":"EntryPoint","urlTemplate":"https:\/\/astekaksesuar.com\/?s={search_term_string}"},"query-input":{"@type":"PropertyValueSpecification","valueRequired":true,"valueName":"search_term_string"}}],"inLanguage":"tr"},{"@type":"Organization","@id":"https:\/\/astekaksesuar.com\/#organization","name":"Astek Aksesuar","url":"https:\/\/astekaksesuar.com\/","logo":{"@type":"ImageObject","inLanguage":"tr","@id":"https:\/\/astekaksesuar.com\/#\/schema\/logo\/image\/","url":"","contentUrl":"","caption":"Astek Aksesuar"},"image":{"@id":"https:\/\/astekaksesuar.com\/#\/schema\/logo\/image\/"}}]}},"_links":{"self":[{"href":"https:\/\/astekaksesuar.com\/index.php?rest_route=\/wp\/v2\/product\/4663","targetHints":{"allow":["GET"]}}],"collection":[{"href":"https:\/\/astekaksesuar.com\/index.php?rest_route=\/wp\/v2\/product"}],"about":[{"href":"https:\/\/astekaksesuar.com\/index.php?rest_route=\/wp\/v2\/types\/product"}],"version-history":[{"count":2,"href":"https:\/\/astekaksesuar.com\/index.php?rest_route=\/wp\/v2\/product\/4663\/revisions"}],"predecessor-version":[{"id":4667,"href":"https:\/\/astekaksesuar.com\/index.php?rest_route=\/wp\/v2\/product\/4663\/revisions\/4667"}],"wp:featuredmedia":[{"embeddable":true,"href":"https:\/\/astekaksesuar.com\/index.php?rest_route=\/wp\/v2\/media\/4664"}],"wp:attachment":[{"href":"https:\/\/astekaksesuar.com\/index.php?rest_route=%2Fwp%2Fv2%2Fmedia&parent=4663"}],"wp:term":[{"taxonomy":"product_brand","embeddable":true,"href":"https:\/\/astekaksesuar.com\/index.php?rest_route=%2Fwp%2Fv2%2Fproduct_brand&post=4663"},{"taxonomy":"product_cat","embeddable":true,"href":"https:\/\/astekaksesuar.com\/index.php?rest_route=%2Fwp%2Fv2%2Fproduct_cat&post=4663"},{"taxonomy":"product_tag","embeddable":true,"href":"https:\/\/astekaksesuar.com\/index.php?rest_route=%2Fwp%2Fv2%2Fproduct_tag&post=4663"}],"curies":[{"name":"wp","href":"https:\/\/api.w.org\/{rel}","templated":true}]}}