{"id":5335,"date":"2019-11-20T17:27:03","date_gmt":"2019-11-20T17:27:03","guid":{"rendered":"https:\/\/astekaksesuar.com\/?post_type=product&#038;p=5335"},"modified":"2019-11-20T17:27:18","modified_gmt":"2019-11-20T17:27:18","slug":"elcik-011","status":"publish","type":"product","link":"https:\/\/astekaksesuar.com\/?product=elcik-011","title":{"rendered":"Elcik 011"},"content":{"rendered":"","protected":false},"excerpt":{"rendered":"<p>Elcikler, neredeyse t\u00fcm tekstil d\u00fcnyas\u0131&#8217;n\u0131n vazge\u00e7ilmez aksesuarlar\u0131ndan biri. Renkli elcikler, Ta\u015fl\u0131 elcikler yada Metal elcikler&#8230; Markalara \u00f6zel tasar\u0131mlar ve koleksiyonlar. Yerli ve \u0130thal \u00fcretim par\u00e7alar\u0131n \u00e7o\u011funu websitemiz \u00fczerinde, daha fazlas\u0131n\u0131 ise Zeytinburnu Showroom&#8217;da ke\u015ffedebilirsiniz.<\/p>\n","protected":false},"featured_media":5313,"template":"","meta":[],"product_brand":[],"product_cat":[73],"product_tag":[],"class_list":{"0":"post-5335","1":"product","2":"type-product","3":"status-publish","4":"has-post-thumbnail","6":"product_cat-elcikler","8":"first","9":"instock","10":"shipping-taxable","11":"product-type-simple"},"yoast_head":"<!-- This site is optimized with the Yoast SEO plugin v27.5 - https:\/\/yoast.com\/product\/yoast-seo-wordpress\/ -->\n<title>Elcik 011 - Astek Aksesuar<\/title>\n<meta name=\"description\" content=\"Elcikler, neredeyse t\u00fcm tekstil d\u00fcnyas\u0131&#039;n\u0131n vazge\u00e7ilmez aksesuarlar\u0131ndan biri, Renkli elcikler, Ta\u015fl\u0131 elcikler yada Metal elcik modellerimiz websitemizde.\" \/>\n<meta name=\"robots\" content=\"index, follow, max-snippet:-1, max-image-preview:large, max-video-preview:-1\" \/>\n<link rel=\"canonical\" href=\"https:\/\/astekaksesuar.com\/?product=elcik-011\" \/>\n<meta property=\"og:locale\" content=\"tr_TR\" \/>\n<meta property=\"og:type\" content=\"article\" \/>\n<meta property=\"og:title\" content=\"Elcik 011 - Astek Aksesuar\" \/>\n<meta property=\"og:description\" content=\"Elcikler, neredeyse t\u00fcm tekstil d\u00fcnyas\u0131&#039;n\u0131n vazge\u00e7ilmez aksesuarlar\u0131ndan biri, Renkli elcikler, Ta\u015fl\u0131 elcikler yada Metal elcik modellerimiz websitemizde.\" \/>\n<meta property=\"og:url\" content=\"https:\/\/astekaksesuar.com\/?product=elcik-011\" \/>\n<meta property=\"og:site_name\" content=\"Astek Aksesuar\" \/>\n<meta property=\"article:modified_time\" content=\"2019-11-20T17:27:18+00:00\" \/>\n<meta property=\"og:image\" content=\"https:\/\/astekaksesuar.com\/wp-content\/uploads\/2019\/11\/11-4.jpg\" \/>\n\t<meta property=\"og:image:width\" content=\"1000\" \/>\n\t<meta property=\"og:image:height\" content=\"1000\" \/>\n\t<meta property=\"og:image:type\" content=\"image\/jpeg\" \/>\n<meta name=\"twitter:card\" content=\"summary_large_image\" \/>\n<script type=\"application\/ld+json\" class=\"yoast-schema-graph\">{\"@context\":\"https:\\\/\\\/schema.org\",\"@graph\":[{\"@type\":\"WebPage\",\"@id\":\"https:\\\/\\\/astekaksesuar.com\\\/?product=elcik-011\",\"url\":\"https:\\\/\\\/astekaksesuar.com\\\/?product=elcik-011\",\"name\":\"Elcik 011 - Astek Aksesuar\",\"isPartOf\":{\"@id\":\"https:\\\/\\\/astekaksesuar.com\\\/#website\"},\"primaryImageOfPage\":{\"@id\":\"https:\\\/\\\/astekaksesuar.com\\\/?product=elcik-011#primaryimage\"},\"image\":{\"@id\":\"https:\\\/\\\/astekaksesuar.com\\\/?product=elcik-011#primaryimage\"},\"thumbnailUrl\":\"https:\\\/\\\/astekaksesuar.com\\\/wp-content\\\/uploads\\\/2019\\\/11\\\/11-4.jpg\",\"datePublished\":\"2019-11-20T17:27:03+00:00\",\"dateModified\":\"2019-11-20T17:27:18+00:00\",\"description\":\"Elcikler, neredeyse t\u00fcm tekstil d\u00fcnyas\u0131'n\u0131n vazge\u00e7ilmez aksesuarlar\u0131ndan biri, Renkli elcikler, Ta\u015fl\u0131 elcikler yada Metal elcik modellerimiz websitemizde.\",\"breadcrumb\":{\"@id\":\"https:\\\/\\\/astekaksesuar.com\\\/?product=elcik-011#breadcrumb\"},\"inLanguage\":\"tr\",\"potentialAction\":[{\"@type\":\"ReadAction\",\"target\":[\"https:\\\/\\\/astekaksesuar.com\\\/?product=elcik-011\"]}]},{\"@type\":\"ImageObject\",\"inLanguage\":\"tr\",\"@id\":\"https:\\\/\\\/astekaksesuar.com\\\/?product=elcik-011#primaryimage\",\"url\":\"https:\\\/\\\/astekaksesuar.com\\\/wp-content\\\/uploads\\\/2019\\\/11\\\/11-4.jpg\",\"contentUrl\":\"https:\\\/\\\/astekaksesuar.com\\\/wp-content\\\/uploads\\\/2019\\\/11\\\/11-4.jpg\",\"width\":1000,\"height\":1000},{\"@type\":\"BreadcrumbList\",\"@id\":\"https:\\\/\\\/astekaksesuar.com\\\/?product=elcik-011#breadcrumb\",\"itemListElement\":[{\"@type\":\"ListItem\",\"position\":1,\"name\":\"Ana sayfa\",\"item\":\"https:\\\/\\\/astekaksesuar.com\\\/\"},{\"@type\":\"ListItem\",\"position\":2,\"name\":\"Shop\",\"item\":\"https:\\\/\\\/astekaksesuar.com\\\/?page_id=5516\"},{\"@type\":\"ListItem\",\"position\":3,\"name\":\"Elcik 011\"}]},{\"@type\":\"WebSite\",\"@id\":\"https:\\\/\\\/astekaksesuar.com\\\/#website\",\"url\":\"https:\\\/\\\/astekaksesuar.com\\\/\",\"name\":\"Astek Aksesuar\",\"description\":\"Aksesuar, D\u00fc\u011fme, Bro\u015f ve Fermuarlar\",\"publisher\":{\"@id\":\"https:\\\/\\\/astekaksesuar.com\\\/#organization\"},\"potentialAction\":[{\"@type\":\"SearchAction\",\"target\":{\"@type\":\"EntryPoint\",\"urlTemplate\":\"https:\\\/\\\/astekaksesuar.com\\\/?s={search_term_string}\"},\"query-input\":{\"@type\":\"PropertyValueSpecification\",\"valueRequired\":true,\"valueName\":\"search_term_string\"}}],\"inLanguage\":\"tr\"},{\"@type\":\"Organization\",\"@id\":\"https:\\\/\\\/astekaksesuar.com\\\/#organization\",\"name\":\"Astek Aksesuar\",\"url\":\"https:\\\/\\\/astekaksesuar.com\\\/\",\"logo\":{\"@type\":\"ImageObject\",\"inLanguage\":\"tr\",\"@id\":\"https:\\\/\\\/astekaksesuar.com\\\/#\\\/schema\\\/logo\\\/image\\\/\",\"url\":\"\",\"contentUrl\":\"\",\"caption\":\"Astek Aksesuar\"},\"image\":{\"@id\":\"https:\\\/\\\/astekaksesuar.com\\\/#\\\/schema\\\/logo\\\/image\\\/\"}}]}<\/script>\n<!-- \/ Yoast SEO plugin. -->","yoast_head_json":{"title":"Elcik 011 - Astek Aksesuar","description":"Elcikler, neredeyse t\u00fcm tekstil d\u00fcnyas\u0131'n\u0131n vazge\u00e7ilmez aksesuarlar\u0131ndan biri, Renkli elcikler, Ta\u015fl\u0131 elcikler yada Metal elcik modellerimiz websitemizde.","robots":{"index":"index","follow":"follow","max-snippet":"max-snippet:-1","max-image-preview":"max-image-preview:large","max-video-preview":"max-video-preview:-1"},"canonical":"https:\/\/astekaksesuar.com\/?product=elcik-011","og_locale":"tr_TR","og_type":"article","og_title":"Elcik 011 - Astek Aksesuar","og_description":"Elcikler, neredeyse t\u00fcm tekstil d\u00fcnyas\u0131'n\u0131n vazge\u00e7ilmez aksesuarlar\u0131ndan biri, Renkli elcikler, Ta\u015fl\u0131 elcikler yada Metal elcik modellerimiz websitemizde.","og_url":"https:\/\/astekaksesuar.com\/?product=elcik-011","og_site_name":"Astek Aksesuar","article_modified_time":"2019-11-20T17:27:18+00:00","og_image":[{"width":1000,"height":1000,"url":"https:\/\/astekaksesuar.com\/wp-content\/uploads\/2019\/11\/11-4.jpg","type":"image\/jpeg"}],"twitter_card":"summary_large_image","schema":{"@context":"https:\/\/schema.org","@graph":[{"@type":"WebPage","@id":"https:\/\/astekaksesuar.com\/?product=elcik-011","url":"https:\/\/astekaksesuar.com\/?product=elcik-011","name":"Elcik 011 - Astek Aksesuar","isPartOf":{"@id":"https:\/\/astekaksesuar.com\/#website"},"primaryImageOfPage":{"@id":"https:\/\/astekaksesuar.com\/?product=elcik-011#primaryimage"},"image":{"@id":"https:\/\/astekaksesuar.com\/?product=elcik-011#primaryimage"},"thumbnailUrl":"https:\/\/astekaksesuar.com\/wp-content\/uploads\/2019\/11\/11-4.jpg","datePublished":"2019-11-20T17:27:03+00:00","dateModified":"2019-11-20T17:27:18+00:00","description":"Elcikler, neredeyse t\u00fcm tekstil d\u00fcnyas\u0131'n\u0131n vazge\u00e7ilmez aksesuarlar\u0131ndan biri, Renkli elcikler, Ta\u015fl\u0131 elcikler yada Metal elcik modellerimiz websitemizde.","breadcrumb":{"@id":"https:\/\/astekaksesuar.com\/?product=elcik-011#breadcrumb"},"inLanguage":"tr","potentialAction":[{"@type":"ReadAction","target":["https:\/\/astekaksesuar.com\/?product=elcik-011"]}]},{"@type":"ImageObject","inLanguage":"tr","@id":"https:\/\/astekaksesuar.com\/?product=elcik-011#primaryimage","url":"https:\/\/astekaksesuar.com\/wp-content\/uploads\/2019\/11\/11-4.jpg","contentUrl":"https:\/\/astekaksesuar.com\/wp-content\/uploads\/2019\/11\/11-4.jpg","width":1000,"height":1000},{"@type":"BreadcrumbList","@id":"https:\/\/astekaksesuar.com\/?product=elcik-011#breadcrumb","itemListElement":[{"@type":"ListItem","position":1,"name":"Ana sayfa","item":"https:\/\/astekaksesuar.com\/"},{"@type":"ListItem","position":2,"name":"Shop","item":"https:\/\/astekaksesuar.com\/?page_id=5516"},{"@type":"ListItem","position":3,"name":"Elcik 011"}]},{"@type":"WebSite","@id":"https:\/\/astekaksesuar.com\/#website","url":"https:\/\/astekaksesuar.com\/","name":"Astek Aksesuar","description":"Aksesuar, D\u00fc\u011fme, Bro\u015f ve Fermuarlar","publisher":{"@id":"https:\/\/astekaksesuar.com\/#organization"},"potentialAction":[{"@type":"SearchAction","target":{"@type":"EntryPoint","urlTemplate":"https:\/\/astekaksesuar.com\/?s={search_term_string}"},"query-input":{"@type":"PropertyValueSpecification","valueRequired":true,"valueName":"search_term_string"}}],"inLanguage":"tr"},{"@type":"Organization","@id":"https:\/\/astekaksesuar.com\/#organization","name":"Astek Aksesuar","url":"https:\/\/astekaksesuar.com\/","logo":{"@type":"ImageObject","inLanguage":"tr","@id":"https:\/\/astekaksesuar.com\/#\/schema\/logo\/image\/","url":"","contentUrl":"","caption":"Astek Aksesuar"},"image":{"@id":"https:\/\/astekaksesuar.com\/#\/schema\/logo\/image\/"}}]}},"_links":{"self":[{"href":"https:\/\/astekaksesuar.com\/index.php?rest_route=\/wp\/v2\/product\/5335","targetHints":{"allow":["GET"]}}],"collection":[{"href":"https:\/\/astekaksesuar.com\/index.php?rest_route=\/wp\/v2\/product"}],"about":[{"href":"https:\/\/astekaksesuar.com\/index.php?rest_route=\/wp\/v2\/types\/product"}],"version-history":[{"count":1,"href":"https:\/\/astekaksesuar.com\/index.php?rest_route=\/wp\/v2\/product\/5335\/revisions"}],"predecessor-version":[{"id":5336,"href":"https:\/\/astekaksesuar.com\/index.php?rest_route=\/wp\/v2\/product\/5335\/revisions\/5336"}],"wp:featuredmedia":[{"embeddable":true,"href":"https:\/\/astekaksesuar.com\/index.php?rest_route=\/wp\/v2\/media\/5313"}],"wp:attachment":[{"href":"https:\/\/astekaksesuar.com\/index.php?rest_route=%2Fwp%2Fv2%2Fmedia&parent=5335"}],"wp:term":[{"taxonomy":"product_brand","embeddable":true,"href":"https:\/\/astekaksesuar.com\/index.php?rest_route=%2Fwp%2Fv2%2Fproduct_brand&post=5335"},{"taxonomy":"product_cat","embeddable":true,"href":"https:\/\/astekaksesuar.com\/index.php?rest_route=%2Fwp%2Fv2%2Fproduct_cat&post=5335"},{"taxonomy":"product_tag","embeddable":true,"href":"https:\/\/astekaksesuar.com\/index.php?rest_route=%2Fwp%2Fv2%2Fproduct_tag&post=5335"}],"curies":[{"name":"wp","href":"https:\/\/api.w.org\/{rel}","templated":true}]}}