{"id":5519,"date":"2026-02-05T02:48:16","date_gmt":"2026-02-05T02:48:16","guid":{"rendered":"https:\/\/astekaksesuar.com\/?page_id=5519"},"modified":"2026-02-05T02:48:16","modified_gmt":"2026-02-05T02:48:16","slug":"my-account","status":"publish","type":"page","link":"https:\/\/astekaksesuar.com\/?page_id=5519","title":{"rendered":"My Account"},"content":{"rendered":"<div class=\"woocommerce\">\n\n<div class=\"woocommerce-notices-wrapper\"><\/div>\n\n\n        <form class=\"woocommerce-form woocommerce-form-login login\" method=\"post\">\n\n                        <div class=\"woocommerce-form-login-wrap\">\n                <h2>Login<\/h2>\n                <p class=\"woocommerce-form-row woocommerce-form-row--wide form-row form-row-wide\">\n                    <label for=\"username\">Username or email address&nbsp;<span\n                                class=\"required\">*<\/span><\/label>\n                    <input type=\"text\" class=\"woocommerce-Input woocommerce-Input--text input-text\" name=\"username\"\n                           id=\"username\" autocomplete=\"username\"\n                           value=\"\"\/>                <\/p>\n                <p class=\"woocommerce-form-row woocommerce-form-row--wide form-row form-row-wide\">\n                    <label for=\"password\">Password&nbsp;<span\n                                class=\"required\">*<\/span><\/label>\n                    <input class=\"woocommerce-Input woocommerce-Input--text input-text\" type=\"password\" name=\"password\"\n                           id=\"password\" autocomplete=\"current-password\"\/>\n                <\/p>\n\n                \n\n                <input type=\"hidden\" id=\"woocommerce-login-nonce\" name=\"woocommerce-login-nonce\" value=\"3520dd2948\" \/><input type=\"hidden\" name=\"_wp_http_referer\" value=\"\/index.php?rest_route=%2Fwp%2Fv2%2Fpages%2F5519\" \/>                <button type=\"submit\" class=\"woocommerce-Button button\" name=\"login\"\n                        value=\"Log in\">Log in<\/button>\n            <\/div>\n\n            <label class=\"woocommerce-form__label woocommerce-form__label-for-checkbox inline\">\n                <input class=\"woocommerce-form__input woocommerce-form__input-checkbox\" name=\"rememberme\"\n                       type=\"checkbox\" id=\"rememberme\" value=\"forever\"\/>\n                <span>Remember me<\/span>\n            <\/label>\n\n            <p class=\"woocommerce-LostPassword lost_password pull-right\">\n                <a href=\"https:\/\/astekaksesuar.com\/?page_id=5519&#038;lost-password\">Lost your password?<\/a>\n            <\/p>\n\n            \n        <\/form>\n\n        \n<\/div>\n","protected":false},"excerpt":{"rendered":"","protected":false},"author":1,"featured_media":0,"parent":0,"menu_order":0,"comment_status":"closed","ping_status":"closed","template":"","meta":{"footnotes":""},"class_list":["post-5519","page","type-page","status-publish","hentry"],"yoast_head":"<!-- This site is optimized with the Yoast SEO plugin v27.5 - https:\/\/yoast.com\/product\/yoast-seo-wordpress\/ -->\n<title>My Account - Astek Aksesuar<\/title>\n<meta name=\"robots\" content=\"index, follow, max-snippet:-1, max-image-preview:large, max-video-preview:-1\" \/>\n<link rel=\"canonical\" href=\"https:\/\/astekaksesuar.com\/?page_id=5519\" \/>\n<meta property=\"og:locale\" content=\"tr_TR\" \/>\n<meta property=\"og:type\" content=\"article\" \/>\n<meta property=\"og:title\" content=\"My Account - Astek Aksesuar\" \/>\n<meta property=\"og:url\" content=\"https:\/\/astekaksesuar.com\/?page_id=5519\" \/>\n<meta property=\"og:site_name\" content=\"Astek Aksesuar\" \/>\n<meta name=\"twitter:card\" content=\"summary_large_image\" \/>\n<script type=\"application\/ld+json\" class=\"yoast-schema-graph\">{\"@context\":\"https:\\\/\\\/schema.org\",\"@graph\":[{\"@type\":\"WebPage\",\"@id\":\"https:\\\/\\\/astekaksesuar.com\\\/?page_id=5519\",\"url\":\"https:\\\/\\\/astekaksesuar.com\\\/?page_id=5519\",\"name\":\"My Account - Astek Aksesuar\",\"isPartOf\":{\"@id\":\"https:\\\/\\\/astekaksesuar.com\\\/#website\"},\"datePublished\":\"2026-02-05T02:48:16+00:00\",\"breadcrumb\":{\"@id\":\"https:\\\/\\\/astekaksesuar.com\\\/?page_id=5519#breadcrumb\"},\"inLanguage\":\"tr\",\"potentialAction\":[{\"@type\":\"ReadAction\",\"target\":[\"https:\\\/\\\/astekaksesuar.com\\\/?page_id=5519\"]}]},{\"@type\":\"BreadcrumbList\",\"@id\":\"https:\\\/\\\/astekaksesuar.com\\\/?page_id=5519#breadcrumb\",\"itemListElement\":[{\"@type\":\"ListItem\",\"position\":1,\"name\":\"Ana sayfa\",\"item\":\"https:\\\/\\\/astekaksesuar.com\\\/\"},{\"@type\":\"ListItem\",\"position\":2,\"name\":\"My Account\"}]},{\"@type\":\"WebSite\",\"@id\":\"https:\\\/\\\/astekaksesuar.com\\\/#website\",\"url\":\"https:\\\/\\\/astekaksesuar.com\\\/\",\"name\":\"Astek Aksesuar\",\"description\":\"Aksesuar, D\u00fc\u011fme, Bro\u015f ve Fermuarlar\",\"publisher\":{\"@id\":\"https:\\\/\\\/astekaksesuar.com\\\/#organization\"},\"potentialAction\":[{\"@type\":\"SearchAction\",\"target\":{\"@type\":\"EntryPoint\",\"urlTemplate\":\"https:\\\/\\\/astekaksesuar.com\\\/?s={search_term_string}\"},\"query-input\":{\"@type\":\"PropertyValueSpecification\",\"valueRequired\":true,\"valueName\":\"search_term_string\"}}],\"inLanguage\":\"tr\"},{\"@type\":\"Organization\",\"@id\":\"https:\\\/\\\/astekaksesuar.com\\\/#organization\",\"name\":\"Astek Aksesuar\",\"url\":\"https:\\\/\\\/astekaksesuar.com\\\/\",\"logo\":{\"@type\":\"ImageObject\",\"inLanguage\":\"tr\",\"@id\":\"https:\\\/\\\/astekaksesuar.com\\\/#\\\/schema\\\/logo\\\/image\\\/\",\"url\":\"\",\"contentUrl\":\"\",\"caption\":\"Astek Aksesuar\"},\"image\":{\"@id\":\"https:\\\/\\\/astekaksesuar.com\\\/#\\\/schema\\\/logo\\\/image\\\/\"}}]}<\/script>\n<!-- \/ Yoast SEO plugin. -->","yoast_head_json":{"title":"My Account - Astek Aksesuar","robots":{"index":"index","follow":"follow","max-snippet":"max-snippet:-1","max-image-preview":"max-image-preview:large","max-video-preview":"max-video-preview:-1"},"canonical":"https:\/\/astekaksesuar.com\/?page_id=5519","og_locale":"tr_TR","og_type":"article","og_title":"My Account - Astek Aksesuar","og_url":"https:\/\/astekaksesuar.com\/?page_id=5519","og_site_name":"Astek Aksesuar","twitter_card":"summary_large_image","schema":{"@context":"https:\/\/schema.org","@graph":[{"@type":"WebPage","@id":"https:\/\/astekaksesuar.com\/?page_id=5519","url":"https:\/\/astekaksesuar.com\/?page_id=5519","name":"My Account - Astek Aksesuar","isPartOf":{"@id":"https:\/\/astekaksesuar.com\/#website"},"datePublished":"2026-02-05T02:48:16+00:00","breadcrumb":{"@id":"https:\/\/astekaksesuar.com\/?page_id=5519#breadcrumb"},"inLanguage":"tr","potentialAction":[{"@type":"ReadAction","target":["https:\/\/astekaksesuar.com\/?page_id=5519"]}]},{"@type":"BreadcrumbList","@id":"https:\/\/astekaksesuar.com\/?page_id=5519#breadcrumb","itemListElement":[{"@type":"ListItem","position":1,"name":"Ana sayfa","item":"https:\/\/astekaksesuar.com\/"},{"@type":"ListItem","position":2,"name":"My Account"}]},{"@type":"WebSite","@id":"https:\/\/astekaksesuar.com\/#website","url":"https:\/\/astekaksesuar.com\/","name":"Astek Aksesuar","description":"Aksesuar, D\u00fc\u011fme, Bro\u015f ve Fermuarlar","publisher":{"@id":"https:\/\/astekaksesuar.com\/#organization"},"potentialAction":[{"@type":"SearchAction","target":{"@type":"EntryPoint","urlTemplate":"https:\/\/astekaksesuar.com\/?s={search_term_string}"},"query-input":{"@type":"PropertyValueSpecification","valueRequired":true,"valueName":"search_term_string"}}],"inLanguage":"tr"},{"@type":"Organization","@id":"https:\/\/astekaksesuar.com\/#organization","name":"Astek Aksesuar","url":"https:\/\/astekaksesuar.com\/","logo":{"@type":"ImageObject","inLanguage":"tr","@id":"https:\/\/astekaksesuar.com\/#\/schema\/logo\/image\/","url":"","contentUrl":"","caption":"Astek Aksesuar"},"image":{"@id":"https:\/\/astekaksesuar.com\/#\/schema\/logo\/image\/"}}]}},"_links":{"self":[{"href":"https:\/\/astekaksesuar.com\/index.php?rest_route=\/wp\/v2\/pages\/5519","targetHints":{"allow":["GET"]}}],"collection":[{"href":"https:\/\/astekaksesuar.com\/index.php?rest_route=\/wp\/v2\/pages"}],"about":[{"href":"https:\/\/astekaksesuar.com\/index.php?rest_route=\/wp\/v2\/types\/page"}],"author":[{"embeddable":true,"href":"https:\/\/astekaksesuar.com\/index.php?rest_route=\/wp\/v2\/users\/1"}],"replies":[{"embeddable":true,"href":"https:\/\/astekaksesuar.com\/index.php?rest_route=%2Fwp%2Fv2%2Fcomments&post=5519"}],"version-history":[{"count":0,"href":"https:\/\/astekaksesuar.com\/index.php?rest_route=\/wp\/v2\/pages\/5519\/revisions"}],"wp:attachment":[{"href":"https:\/\/astekaksesuar.com\/index.php?rest_route=%2Fwp%2Fv2%2Fmedia&parent=5519"}],"curies":[{"name":"wp","href":"https:\/\/api.w.org\/{rel}","templated":true}]}}