{"id":5141,"date":"2019-11-15T16:09:26","date_gmt":"2019-11-15T16:09:26","guid":{"rendered":"https:\/\/astekaksesuar.com\/?page_id=5141"},"modified":"2019-11-19T14:00:19","modified_gmt":"2019-11-19T14:00:19","slug":"hakkimizda-m","status":"publish","type":"page","link":"https:\/\/astekaksesuar.com\/?page_id=5141","title":{"rendered":"Hakk\u0131m\u0131zda"},"content":{"rendered":"\t\t<div data-elementor-type=\"wp-page\" data-elementor-id=\"5141\" class=\"elementor elementor-5141\">\n\t\t\t\t\t\t<section class=\"elementor-section elementor-top-section elementor-element elementor-element-a319c27 elementor-section-boxed elementor-section-height-default elementor-section-height-default\" data-id=\"a319c27\" data-element_type=\"section\" data-e-type=\"section\">\n\t\t\t\t\t\t<div class=\"elementor-container elementor-column-gap-default\">\n\t\t\t\t\t<div class=\"elementor-column elementor-col-100 elementor-top-column elementor-element elementor-element-ec86974\" data-id=\"ec86974\" data-element_type=\"column\" data-e-type=\"column\">\n\t\t\t<div class=\"elementor-widget-wrap elementor-element-populated\">\n\t\t\t\t\t\t<div class=\"elementor-element elementor-element-e54d62c elementor-invisible elementor-widget elementor-widget-text-editor\" data-id=\"e54d62c\" data-element_type=\"widget\" data-e-type=\"widget\" data-settings=\"{&quot;_animation&quot;:&quot;fadeInUp&quot;}\" data-widget_type=\"text-editor.default\">\n\t\t\t\t<div class=\"elementor-widget-container\">\n\t\t\t\t\t\t\t<div class=\"elementor-text-editor elementor-clearfix\"><p><span style=\"letter-spacing: 0px; font-size: 1rem;\">Astek Aksesuar 1989 y\u0131l\u0131nda \u0130stanbul&#8217;da kuruldu. M\u00fc\u015fteri portf\u00f6y\u00fcm\u00fczde; Deri, haz\u0131r giyim, ka\u015fmir ve tekstil firmalar\u0131 bulunmaktad\u0131r.\u00a0<\/span><span style=\"letter-spacing: 0px; font-size: 1rem;\">A\u011f\u0131rl\u0131kl\u0131 olarak tekstil firmalar\u0131na hizmet veren, <\/span><span style=\"letter-spacing: 0px; font-size: 1rem;\">kaliteli \u00fcr\u00fcn ve uygun fiyat politikas\u0131yla m\u00fc\u015fteri memnuniyetini sa\u011flayan firmam\u0131z, \u0130\u00e7inde bulundu\u011fumuz global \u00e7a\u011f\u0131n bilincinde hizmet vermeyi hedefleyen ekibimiz ile birlikte,\u00a0<\/span><span style=\"font-size: 1rem; letter-spacing: 0px;\">i\u00e7 piyasan\u0131n yan\u0131 s\u0131ra ba\u015fta Avrupa olmak \u00fczere d\u00fcnyan\u0131n bir \u00e7ok \u00fclkesine ihracat yapmaktay\u0131z.<\/span><\/p><p>D\u00fcnya modas\u0131n\u0131 yak\u0131ndan takip eden zengin koleksiyonlar\u0131n yan\u0131 s\u0131ra firmalara \u00f6zel koleksiyon haz\u0131rlayan firmam\u0131z sekt\u00f6r\u00fcnde \u00f6nc\u00fc olmaya devam etmektedir.<\/p><\/div>\n\t\t\t\t\t\t<\/div>\n\t\t\t\t<\/div>\n\t\t\t\t\t<\/div>\n\t\t<\/div>\n\t\t\t\t\t<\/div>\n\t\t<\/section>\n\t\t\t\t<section class=\"elementor-section elementor-top-section elementor-element elementor-element-cd2f4d2 elementor-section-boxed elementor-section-height-default elementor-section-height-default\" data-id=\"cd2f4d2\" data-element_type=\"section\" data-e-type=\"section\">\n\t\t\t\t\t\t<div class=\"elementor-container elementor-column-gap-default\">\n\t\t\t\t\t<div class=\"elementor-column elementor-col-50 elementor-top-column elementor-element elementor-element-9f4aec4\" data-id=\"9f4aec4\" data-element_type=\"column\" data-e-type=\"column\">\n\t\t\t<div class=\"elementor-widget-wrap elementor-element-populated\">\n\t\t\t\t\t\t<div class=\"elementor-element elementor-element-24e4919 elementor-invisible elementor-widget elementor-widget-image\" data-id=\"24e4919\" data-element_type=\"widget\" data-e-type=\"widget\" data-settings=\"{&quot;_animation&quot;:&quot;fadeInLeft&quot;}\" data-widget_type=\"image.default\">\n\t\t\t\t<div class=\"elementor-widget-container\">\n\t\t\t\t\t        <div class=\"elementor-image\">\n                                                <img fetchpriority=\"high\" decoding=\"async\" width=\"560\" height=\"390\" src=\"https:\/\/astekaksesuar.com\/wp-content\/uploads\/2019\/11\/shop-1-560x390.png\" class=\"attachment-auros-featured-image-large size-auros-featured-image-large wp-image-5146 wp-post-image\" alt=\"\" \/>                                                            <\/div>\n        \t\t\t\t<\/div>\n\t\t\t\t<\/div>\n\t\t\t\t\t<\/div>\n\t\t<\/div>\n\t\t\t\t<div class=\"elementor-column elementor-col-50 elementor-top-column elementor-element elementor-element-0d7f482\" data-id=\"0d7f482\" data-element_type=\"column\" data-e-type=\"column\">\n\t\t\t<div class=\"elementor-widget-wrap elementor-element-populated\">\n\t\t\t\t\t\t<div class=\"elementor-element elementor-element-85caaa7 elementor-invisible elementor-widget elementor-widget-image\" data-id=\"85caaa7\" data-element_type=\"widget\" data-e-type=\"widget\" data-settings=\"{&quot;_animation&quot;:&quot;fadeInRight&quot;}\" data-widget_type=\"image.default\">\n\t\t\t\t<div class=\"elementor-widget-container\">\n\t\t\t\t\t        <div class=\"elementor-image\">\n                                                <img decoding=\"async\" src=\"https:\/\/astekaksesuar.com\/wp-content\/uploads\/2019\/11\/about_usplan-1.png\" title=\"about_usplan\" alt=\"about_usplan\" loading=\"lazy\" \/>                                                            <\/div>\n        \t\t\t\t<\/div>\n\t\t\t\t<\/div>\n\t\t\t\t\t<\/div>\n\t\t<\/div>\n\t\t\t\t\t<\/div>\n\t\t<\/section>\n\t\t\t\t<section class=\"elementor-section elementor-top-section elementor-element elementor-element-3fbb777 elementor-section-boxed elementor-section-height-default elementor-section-height-default\" data-id=\"3fbb777\" data-element_type=\"section\" data-e-type=\"section\">\n\t\t\t\t\t\t<div class=\"elementor-container elementor-column-gap-default\">\n\t\t\t\t\t<div class=\"elementor-column elementor-col-100 elementor-top-column elementor-element elementor-element-f356af2\" data-id=\"f356af2\" data-element_type=\"column\" data-e-type=\"column\">\n\t\t\t<div class=\"elementor-widget-wrap elementor-element-populated\">\n\t\t\t\t\t\t<div class=\"elementor-element elementor-element-619f8d9 elementor-widget elementor-widget-heading\" data-id=\"619f8d9\" data-element_type=\"widget\" data-e-type=\"widget\" data-widget_type=\"heading.default\">\n\t\t\t\t<div class=\"elementor-widget-container\">\n\t\t\t\t\t<h1 class=\"elementor-heading-title elementor-size-default\">Neden Biz?<\/h1>\t\t\t\t<\/div>\n\t\t\t\t<\/div>\n\t\t\t\t\t<\/div>\n\t\t<\/div>\n\t\t\t\t\t<\/div>\n\t\t<\/section>\n\t\t\t\t<section class=\"elementor-section elementor-top-section elementor-element elementor-element-4aee3c6 elementor-section-boxed elementor-section-height-default elementor-section-height-default\" data-id=\"4aee3c6\" data-element_type=\"section\" data-e-type=\"section\">\n\t\t\t\t\t\t<div class=\"elementor-container elementor-column-gap-default\">\n\t\t\t\t\t<div class=\"elementor-column elementor-col-33 elementor-top-column elementor-element elementor-element-6356dc6\" data-id=\"6356dc6\" data-element_type=\"column\" data-e-type=\"column\">\n\t\t\t<div class=\"elementor-widget-wrap elementor-element-populated\">\n\t\t\t\t\t\t<div class=\"elementor-element elementor-element-a176995 elementor-view-default elementor-position-block-start elementor-mobile-position-block-start elementor-invisible elementor-widget elementor-widget-icon-box\" data-id=\"a176995\" data-element_type=\"widget\" data-e-type=\"widget\" data-settings=\"{&quot;_animation&quot;:&quot;opal-move-right&quot;}\" data-widget_type=\"icon-box.default\">\n\t\t\t\t<div class=\"elementor-widget-container\">\n\t\t\t\t\t\t\t<div class=\"elementor-icon-box-wrapper\">\n\n\t\t\t\t\t\t<div class=\"elementor-icon-box-icon\">\n\t\t\t\t<span  class=\"elementor-icon\">\n\t\t\t\t<i class=\"fa fa-cubes\" aria-hidden=\"true\"><\/i>\t\t\t\t<\/span>\n\t\t\t<\/div>\n\t\t\t\n\t\t\t\t\t\t<div class=\"elementor-icon-box-content\">\n\n\t\t\t\t\t\t\t\t\t<h3 class=\"elementor-icon-box-title\">\n\t\t\t\t\t\t<span  >\n\t\t\t\t\t\t\tGeni\u015f \u00dcr\u00fcn Yelpazesi\t\t\t\t\t\t<\/span>\n\t\t\t\t\t<\/h3>\n\t\t\t\t\n\t\t\t\t\t\t\t\t\t<p class=\"elementor-icon-box-description\">\n\t\t\t\t\t\tBro\u015flar, Fermuarlar, Ta\u015fl\u0131, Metal yada polyester D\u00fc\u011fmeler ve daha fazlas\u0131 Astek Aksesuar'da.\t\t\t\t\t<\/p>\n\t\t\t\t\n\t\t\t<\/div>\n\t\t\t\n\t\t<\/div>\n\t\t\t\t\t\t<\/div>\n\t\t\t\t<\/div>\n\t\t\t\t\t<\/div>\n\t\t<\/div>\n\t\t\t\t<div class=\"elementor-column elementor-col-33 elementor-top-column elementor-element elementor-element-916b378\" data-id=\"916b378\" data-element_type=\"column\" data-e-type=\"column\">\n\t\t\t<div class=\"elementor-widget-wrap elementor-element-populated\">\n\t\t\t\t\t\t<div class=\"elementor-element elementor-element-8d6aa5b elementor-view-default elementor-position-block-start elementor-mobile-position-block-start elementor-invisible elementor-widget elementor-widget-icon-box\" data-id=\"8d6aa5b\" data-element_type=\"widget\" data-e-type=\"widget\" data-settings=\"{&quot;_animation&quot;:&quot;opal-move-up&quot;}\" data-widget_type=\"icon-box.default\">\n\t\t\t\t<div class=\"elementor-widget-container\">\n\t\t\t\t\t\t\t<div class=\"elementor-icon-box-wrapper\">\n\n\t\t\t\t\t\t<div class=\"elementor-icon-box-icon\">\n\t\t\t\t<span  class=\"elementor-icon\">\n\t\t\t\t<i class=\"opal-icon-chat-support\" aria-hidden=\"true\"><\/i>\t\t\t\t<\/span>\n\t\t\t<\/div>\n\t\t\t\n\t\t\t\t\t\t<div class=\"elementor-icon-box-content\">\n\n\t\t\t\t\t\t\t\t\t<h3 class=\"elementor-icon-box-title\">\n\t\t\t\t\t\t<span  >\n\t\t\t\t\t\t\tSat\u0131\u015f Destek Ekibi\t\t\t\t\t\t<\/span>\n\t\t\t\t\t<\/h3>\n\t\t\t\t\n\t\t\t\t\t\t\t\t\t<p class=\"elementor-icon-box-description\">\n\t\t\t\t\t\tT\u00fcm Sorular\u0131n\u0131z\u0131 dinlemeye haz\u0131r, dinamik ve i\u015finde uzman ekibimiz ile yan\u0131n\u0131zday\u0131z.\t\t\t\t\t<\/p>\n\t\t\t\t\n\t\t\t<\/div>\n\t\t\t\n\t\t<\/div>\n\t\t\t\t\t\t<\/div>\n\t\t\t\t<\/div>\n\t\t\t\t\t<\/div>\n\t\t<\/div>\n\t\t\t\t<div class=\"elementor-column elementor-col-33 elementor-top-column elementor-element elementor-element-09b066b\" data-id=\"09b066b\" data-element_type=\"column\" data-e-type=\"column\">\n\t\t\t<div class=\"elementor-widget-wrap elementor-element-populated\">\n\t\t\t\t\t\t<div class=\"elementor-element elementor-element-c098394 elementor-view-default elementor-position-block-start elementor-mobile-position-block-start elementor-invisible elementor-widget elementor-widget-icon-box\" data-id=\"c098394\" data-element_type=\"widget\" data-e-type=\"widget\" data-settings=\"{&quot;_animation&quot;:&quot;opal-move-left&quot;}\" data-widget_type=\"icon-box.default\">\n\t\t\t\t<div class=\"elementor-widget-container\">\n\t\t\t\t\t\t\t<div class=\"elementor-icon-box-wrapper\">\n\n\t\t\t\t\t\t<div class=\"elementor-icon-box-icon\">\n\t\t\t\t<span  class=\"elementor-icon\">\n\t\t\t\t<i class=\"opal-icon-ship\" aria-hidden=\"true\"><\/i>\t\t\t\t<\/span>\n\t\t\t<\/div>\n\t\t\t\n\t\t\t\t\t\t<div class=\"elementor-icon-box-content\">\n\n\t\t\t\t\t\t\t\t\t<h3 class=\"elementor-icon-box-title\">\n\t\t\t\t\t\t<span  >\n\t\t\t\t\t\t\tKolay Kargo ve Teslimat \u00c7\u00f6z\u00fcmleri\t\t\t\t\t\t<\/span>\n\t\t\t\t\t<\/h3>\n\t\t\t\t\n\t\t\t\t\t\t\t\t\t<p class=\"elementor-icon-box-description\">\n\t\t\t\t\t\tYurti\u00e7i &amp; Yurtd\u0131\u015f\u0131 T\u00fcm sipari\u015flere Lojistik uzmanlarla en \u015feffaf \u00e7\u00f6z\u00fcmleri \u00fcretiyoruz.\t\t\t\t\t<\/p>\n\t\t\t\t\n\t\t\t<\/div>\n\t\t\t\n\t\t<\/div>\n\t\t\t\t\t\t<\/div>\n\t\t\t\t<\/div>\n\t\t\t\t\t<\/div>\n\t\t<\/div>\n\t\t\t\t\t<\/div>\n\t\t<\/section>\n\t\t\t\t<\/div>\n\t\t","protected":false},"excerpt":{"rendered":"<p>Astek Aksesuar 1989 y\u0131l\u0131nda \u0130stanbul&#8217;da kuruldu. M\u00fc\u015fteri portf\u00f6y\u00fcm\u00fczde; Deri, haz\u0131r giyim, ka\u015fmir ve tekstil firmalar\u0131 bulunmaktad\u0131r.\u00a0A\u011f\u0131rl\u0131kl\u0131 olarak tekstil firmalar\u0131na hizmet veren, kaliteli \u00fcr\u00fcn ve uygun fiyat politikas\u0131yla m\u00fc\u015fteri memnuniyetini sa\u011flayan firmam\u0131z, \u0130\u00e7inde bulundu\u011fumuz global \u00e7a\u011f\u0131n bilincinde hizmet vermeyi hedefleyen ekibimiz ile birlikte,\u00a0i\u00e7 piyasan\u0131n yan\u0131 s\u0131ra ba\u015fta Avrupa olmak \u00fczere d\u00fcnyan\u0131n bir \u00e7ok \u00fclkesine ihracat yapmaktay\u0131z. &hellip; <\/p>\n<p class=\"link-more\"><a href=\"https:\/\/astekaksesuar.com\/?page_id=5141\" class=\"more-link\">Read More <span class=\"screen-reader-text\"> &#8220;Hakk\u0131m\u0131zda&#8221;<\/span><\/a><\/p>\n","protected":false},"author":1,"featured_media":0,"parent":0,"menu_order":0,"comment_status":"closed","ping_status":"closed","template":"","meta":{"footnotes":""},"class_list":["post-5141","page","type-page","status-publish","hentry"],"yoast_head":"<!-- This site is optimized with the Yoast SEO plugin v27.5 - https:\/\/yoast.com\/product\/yoast-seo-wordpress\/ -->\n<title>Hakk\u0131m\u0131zda - Astek Aksesuar<\/title>\n<meta name=\"robots\" content=\"index, follow, max-snippet:-1, max-image-preview:large, max-video-preview:-1\" \/>\n<link rel=\"canonical\" href=\"https:\/\/astekaksesuar.com\/?page_id=5141\" \/>\n<meta property=\"og:locale\" content=\"tr_TR\" \/>\n<meta property=\"og:type\" content=\"article\" \/>\n<meta property=\"og:title\" content=\"Hakk\u0131m\u0131zda - Astek Aksesuar\" \/>\n<meta property=\"og:description\" content=\"Astek Aksesuar 1989 y\u0131l\u0131nda \u0130stanbul&#8217;da kuruldu. M\u00fc\u015fteri portf\u00f6y\u00fcm\u00fczde; Deri, haz\u0131r giyim, ka\u015fmir ve tekstil firmalar\u0131 bulunmaktad\u0131r.\u00a0A\u011f\u0131rl\u0131kl\u0131 olarak tekstil firmalar\u0131na hizmet veren, kaliteli \u00fcr\u00fcn ve uygun fiyat politikas\u0131yla m\u00fc\u015fteri memnuniyetini sa\u011flayan firmam\u0131z, \u0130\u00e7inde bulundu\u011fumuz global \u00e7a\u011f\u0131n bilincinde hizmet vermeyi hedefleyen ekibimiz ile birlikte,\u00a0i\u00e7 piyasan\u0131n yan\u0131 s\u0131ra ba\u015fta Avrupa olmak \u00fczere d\u00fcnyan\u0131n bir \u00e7ok \u00fclkesine ihracat yapmaktay\u0131z. &hellip; Read More &quot;Hakk\u0131m\u0131zda&quot;\" \/>\n<meta property=\"og:url\" content=\"https:\/\/astekaksesuar.com\/?page_id=5141\" \/>\n<meta property=\"og:site_name\" content=\"Astek Aksesuar\" \/>\n<meta property=\"article:modified_time\" content=\"2019-11-19T14:00:19+00:00\" \/>\n<meta property=\"og:image\" content=\"http:\/\/astekaksesuar.com\/wp-content\/uploads\/2019\/11\/shop-1-560x390.png\" \/>\n<meta name=\"twitter:card\" content=\"summary_large_image\" \/>\n<meta name=\"twitter:label1\" content=\"Tahmini okuma s\u00fcresi\" \/>\n\t<meta name=\"twitter:data1\" content=\"1 dakika\" \/>\n<script type=\"application\/ld+json\" class=\"yoast-schema-graph\">{\"@context\":\"https:\\\/\\\/schema.org\",\"@graph\":[{\"@type\":\"WebPage\",\"@id\":\"https:\\\/\\\/astekaksesuar.com\\\/?page_id=5141\",\"url\":\"https:\\\/\\\/astekaksesuar.com\\\/?page_id=5141\",\"name\":\"Hakk\u0131m\u0131zda - Astek Aksesuar\",\"isPartOf\":{\"@id\":\"https:\\\/\\\/astekaksesuar.com\\\/#website\"},\"primaryImageOfPage\":{\"@id\":\"https:\\\/\\\/astekaksesuar.com\\\/?page_id=5141#primaryimage\"},\"image\":{\"@id\":\"https:\\\/\\\/astekaksesuar.com\\\/?page_id=5141#primaryimage\"},\"thumbnailUrl\":\"http:\\\/\\\/astekaksesuar.com\\\/wp-content\\\/uploads\\\/2019\\\/11\\\/shop-1-560x390.png\",\"datePublished\":\"2019-11-15T16:09:26+00:00\",\"dateModified\":\"2019-11-19T14:00:19+00:00\",\"breadcrumb\":{\"@id\":\"https:\\\/\\\/astekaksesuar.com\\\/?page_id=5141#breadcrumb\"},\"inLanguage\":\"tr\",\"potentialAction\":[{\"@type\":\"ReadAction\",\"target\":[\"https:\\\/\\\/astekaksesuar.com\\\/?page_id=5141\"]}]},{\"@type\":\"ImageObject\",\"inLanguage\":\"tr\",\"@id\":\"https:\\\/\\\/astekaksesuar.com\\\/?page_id=5141#primaryimage\",\"url\":\"https:\\\/\\\/astekaksesuar.com\\\/wp-content\\\/uploads\\\/2019\\\/11\\\/shop-1.png\",\"contentUrl\":\"https:\\\/\\\/astekaksesuar.com\\\/wp-content\\\/uploads\\\/2019\\\/11\\\/shop-1.png\",\"width\":560,\"height\":400},{\"@type\":\"BreadcrumbList\",\"@id\":\"https:\\\/\\\/astekaksesuar.com\\\/?page_id=5141#breadcrumb\",\"itemListElement\":[{\"@type\":\"ListItem\",\"position\":1,\"name\":\"Ana sayfa\",\"item\":\"https:\\\/\\\/astekaksesuar.com\\\/\"},{\"@type\":\"ListItem\",\"position\":2,\"name\":\"Hakk\u0131m\u0131zda\"}]},{\"@type\":\"WebSite\",\"@id\":\"https:\\\/\\\/astekaksesuar.com\\\/#website\",\"url\":\"https:\\\/\\\/astekaksesuar.com\\\/\",\"name\":\"Astek Aksesuar\",\"description\":\"Aksesuar, D\u00fc\u011fme, Bro\u015f ve Fermuarlar\",\"publisher\":{\"@id\":\"https:\\\/\\\/astekaksesuar.com\\\/#organization\"},\"potentialAction\":[{\"@type\":\"SearchAction\",\"target\":{\"@type\":\"EntryPoint\",\"urlTemplate\":\"https:\\\/\\\/astekaksesuar.com\\\/?s={search_term_string}\"},\"query-input\":{\"@type\":\"PropertyValueSpecification\",\"valueRequired\":true,\"valueName\":\"search_term_string\"}}],\"inLanguage\":\"tr\"},{\"@type\":\"Organization\",\"@id\":\"https:\\\/\\\/astekaksesuar.com\\\/#organization\",\"name\":\"Astek Aksesuar\",\"url\":\"https:\\\/\\\/astekaksesuar.com\\\/\",\"logo\":{\"@type\":\"ImageObject\",\"inLanguage\":\"tr\",\"@id\":\"https:\\\/\\\/astekaksesuar.com\\\/#\\\/schema\\\/logo\\\/image\\\/\",\"url\":\"\",\"contentUrl\":\"\",\"caption\":\"Astek Aksesuar\"},\"image\":{\"@id\":\"https:\\\/\\\/astekaksesuar.com\\\/#\\\/schema\\\/logo\\\/image\\\/\"}}]}<\/script>\n<!-- \/ Yoast SEO plugin. -->","yoast_head_json":{"title":"Hakk\u0131m\u0131zda - Astek Aksesuar","robots":{"index":"index","follow":"follow","max-snippet":"max-snippet:-1","max-image-preview":"max-image-preview:large","max-video-preview":"max-video-preview:-1"},"canonical":"https:\/\/astekaksesuar.com\/?page_id=5141","og_locale":"tr_TR","og_type":"article","og_title":"Hakk\u0131m\u0131zda - Astek Aksesuar","og_description":"Astek Aksesuar 1989 y\u0131l\u0131nda \u0130stanbul&#8217;da kuruldu. M\u00fc\u015fteri portf\u00f6y\u00fcm\u00fczde; Deri, haz\u0131r giyim, ka\u015fmir ve tekstil firmalar\u0131 bulunmaktad\u0131r.\u00a0A\u011f\u0131rl\u0131kl\u0131 olarak tekstil firmalar\u0131na hizmet veren, kaliteli \u00fcr\u00fcn ve uygun fiyat politikas\u0131yla m\u00fc\u015fteri memnuniyetini sa\u011flayan firmam\u0131z, \u0130\u00e7inde bulundu\u011fumuz global \u00e7a\u011f\u0131n bilincinde hizmet vermeyi hedefleyen ekibimiz ile birlikte,\u00a0i\u00e7 piyasan\u0131n yan\u0131 s\u0131ra ba\u015fta Avrupa olmak \u00fczere d\u00fcnyan\u0131n bir \u00e7ok \u00fclkesine ihracat yapmaktay\u0131z. &hellip; Read More \"Hakk\u0131m\u0131zda\"","og_url":"https:\/\/astekaksesuar.com\/?page_id=5141","og_site_name":"Astek Aksesuar","article_modified_time":"2019-11-19T14:00:19+00:00","og_image":[{"url":"http:\/\/astekaksesuar.com\/wp-content\/uploads\/2019\/11\/shop-1-560x390.png","type":"","width":"","height":""}],"twitter_card":"summary_large_image","twitter_misc":{"Tahmini okuma s\u00fcresi":"1 dakika"},"schema":{"@context":"https:\/\/schema.org","@graph":[{"@type":"WebPage","@id":"https:\/\/astekaksesuar.com\/?page_id=5141","url":"https:\/\/astekaksesuar.com\/?page_id=5141","name":"Hakk\u0131m\u0131zda - Astek Aksesuar","isPartOf":{"@id":"https:\/\/astekaksesuar.com\/#website"},"primaryImageOfPage":{"@id":"https:\/\/astekaksesuar.com\/?page_id=5141#primaryimage"},"image":{"@id":"https:\/\/astekaksesuar.com\/?page_id=5141#primaryimage"},"thumbnailUrl":"http:\/\/astekaksesuar.com\/wp-content\/uploads\/2019\/11\/shop-1-560x390.png","datePublished":"2019-11-15T16:09:26+00:00","dateModified":"2019-11-19T14:00:19+00:00","breadcrumb":{"@id":"https:\/\/astekaksesuar.com\/?page_id=5141#breadcrumb"},"inLanguage":"tr","potentialAction":[{"@type":"ReadAction","target":["https:\/\/astekaksesuar.com\/?page_id=5141"]}]},{"@type":"ImageObject","inLanguage":"tr","@id":"https:\/\/astekaksesuar.com\/?page_id=5141#primaryimage","url":"https:\/\/astekaksesuar.com\/wp-content\/uploads\/2019\/11\/shop-1.png","contentUrl":"https:\/\/astekaksesuar.com\/wp-content\/uploads\/2019\/11\/shop-1.png","width":560,"height":400},{"@type":"BreadcrumbList","@id":"https:\/\/astekaksesuar.com\/?page_id=5141#breadcrumb","itemListElement":[{"@type":"ListItem","position":1,"name":"Ana sayfa","item":"https:\/\/astekaksesuar.com\/"},{"@type":"ListItem","position":2,"name":"Hakk\u0131m\u0131zda"}]},{"@type":"WebSite","@id":"https:\/\/astekaksesuar.com\/#website","url":"https:\/\/astekaksesuar.com\/","name":"Astek Aksesuar","description":"Aksesuar, D\u00fc\u011fme, Bro\u015f ve Fermuarlar","publisher":{"@id":"https:\/\/astekaksesuar.com\/#organization"},"potentialAction":[{"@type":"SearchAction","target":{"@type":"EntryPoint","urlTemplate":"https:\/\/astekaksesuar.com\/?s={search_term_string}"},"query-input":{"@type":"PropertyValueSpecification","valueRequired":true,"valueName":"search_term_string"}}],"inLanguage":"tr"},{"@type":"Organization","@id":"https:\/\/astekaksesuar.com\/#organization","name":"Astek Aksesuar","url":"https:\/\/astekaksesuar.com\/","logo":{"@type":"ImageObject","inLanguage":"tr","@id":"https:\/\/astekaksesuar.com\/#\/schema\/logo\/image\/","url":"","contentUrl":"","caption":"Astek Aksesuar"},"image":{"@id":"https:\/\/astekaksesuar.com\/#\/schema\/logo\/image\/"}}]}},"_links":{"self":[{"href":"https:\/\/astekaksesuar.com\/index.php?rest_route=\/wp\/v2\/pages\/5141","targetHints":{"allow":["GET"]}}],"collection":[{"href":"https:\/\/astekaksesuar.com\/index.php?rest_route=\/wp\/v2\/pages"}],"about":[{"href":"https:\/\/astekaksesuar.com\/index.php?rest_route=\/wp\/v2\/types\/page"}],"author":[{"embeddable":true,"href":"https:\/\/astekaksesuar.com\/index.php?rest_route=\/wp\/v2\/users\/1"}],"replies":[{"embeddable":true,"href":"https:\/\/astekaksesuar.com\/index.php?rest_route=%2Fwp%2Fv2%2Fcomments&post=5141"}],"version-history":[{"count":8,"href":"https:\/\/astekaksesuar.com\/index.php?rest_route=\/wp\/v2\/pages\/5141\/revisions"}],"predecessor-version":[{"id":5275,"href":"https:\/\/astekaksesuar.com\/index.php?rest_route=\/wp\/v2\/pages\/5141\/revisions\/5275"}],"wp:attachment":[{"href":"https:\/\/astekaksesuar.com\/index.php?rest_route=%2Fwp%2Fv2%2Fmedia&parent=5141"}],"curies":[{"name":"wp","href":"https:\/\/api.w.org\/{rel}","templated":true}]}}