{"id":4648,"date":"2019-11-15T11:55:39","date_gmt":"2019-11-15T11:55:39","guid":{"rendered":"http:\/\/astekaksesuar.com\/?page_id=4648"},"modified":"2019-11-21T17:13:10","modified_gmt":"2019-11-21T17:13:10","slug":"agraflar","status":"publish","type":"page","link":"https:\/\/astekaksesuar.com\/?page_id=4648","title":{"rendered":"Agraflar"},"content":{"rendered":"\t\t<div data-elementor-type=\"wp-page\" data-elementor-id=\"4648\" class=\"elementor elementor-4648\">\n\t\t\t\t\t\t<section class=\"elementor-section elementor-top-section elementor-element elementor-element-70cd762 elementor-section-boxed elementor-section-height-default elementor-section-height-default\" data-id=\"70cd762\" data-element_type=\"section\" data-e-type=\"section\">\n\t\t\t\t\t\t<div class=\"elementor-container elementor-column-gap-default\">\n\t\t\t\t\t<div class=\"elementor-column elementor-col-100 elementor-top-column elementor-element elementor-element-5f44097\" data-id=\"5f44097\" data-element_type=\"column\" data-e-type=\"column\">\n\t\t\t<div class=\"elementor-widget-wrap elementor-element-populated\">\n\t\t\t\t\t\t<div class=\"elementor-element elementor-element-069d8e5 elementor-widget elementor-widget-image\" data-id=\"069d8e5\" data-element_type=\"widget\" data-e-type=\"widget\" data-widget_type=\"image.default\">\n\t\t\t\t<div class=\"elementor-widget-container\">\n\t\t\t\t\t        <div class=\"elementor-image\">\n                                                <img decoding=\"async\" src=\"https:\/\/astekaksesuar.com\/wp-content\/uploads\/2019\/11\/agaflar_Header.png\" title=\"agaflar_Header\" alt=\"agaflar_Header\" loading=\"lazy\" \/>                                                            <\/div>\n        \t\t\t\t<\/div>\n\t\t\t\t<\/div>\n\t\t\t\t\t<\/div>\n\t\t<\/div>\n\t\t\t\t\t<\/div>\n\t\t<\/section>\n\t\t\t\t<section class=\"elementor-section elementor-top-section elementor-element elementor-element-b4aa8b1 elementor-section-boxed elementor-section-height-default elementor-section-height-default\" data-id=\"b4aa8b1\" data-element_type=\"section\" data-e-type=\"section\">\n\t\t\t\t\t\t<div class=\"elementor-container elementor-column-gap-default\">\n\t\t\t\t\t<div class=\"elementor-column elementor-col-100 elementor-top-column elementor-element elementor-element-04c5f79\" data-id=\"04c5f79\" data-element_type=\"column\" data-e-type=\"column\">\n\t\t\t<div class=\"elementor-widget-wrap elementor-element-populated\">\n\t\t\t\t\t\t<div class=\"elementor-element elementor-element-c43389b elementor-widget elementor-widget-text-editor\" data-id=\"c43389b\" data-element_type=\"widget\" data-e-type=\"widget\" data-widget_type=\"text-editor.default\">\n\t\t\t\t<div class=\"elementor-widget-container\">\n\t\t\t\t\t\t\t<div class=\"elementor-text-editor elementor-clearfix\"><p>Ta\u015fl\u0131 Agraflar, metal Agraflar ve Polyester gibi materyallerden ve Farkl\u0131 renklerde Agraflar&#8217;dan olu\u015fan geni\u015f bir \u00fcr\u00fcn yelpazesine sahibiz. K\u00fc\u00e7\u00fck par\u00e7alarla b\u00fcy\u00fck farkl\u0131l\u0131klar yaratabilirsiniz.<\/p><\/div>\n\t\t\t\t\t\t<\/div>\n\t\t\t\t<\/div>\n\t\t\t\t\t<\/div>\n\t\t<\/div>\n\t\t\t\t\t<\/div>\n\t\t<\/section>\n\t\t\t\t<section class=\"elementor-section elementor-top-section elementor-element elementor-element-52728a1 elementor-section-boxed elementor-section-height-default elementor-section-height-default\" data-id=\"52728a1\" data-element_type=\"section\" data-e-type=\"section\">\n\t\t\t\t\t\t<div class=\"elementor-container elementor-column-gap-default\">\n\t\t\t\t\t<div class=\"elementor-column elementor-col-100 elementor-top-column elementor-element elementor-element-e0c71c4\" data-id=\"e0c71c4\" data-element_type=\"column\" data-e-type=\"column\">\n\t\t\t<div class=\"elementor-widget-wrap elementor-element-populated\">\n\t\t\t\t\t\t<div class=\"elementor-element elementor-element-1b5364d elementor-product-style-1 elementor-widget elementor-widget-opal-products\" data-id=\"1b5364d\" data-element_type=\"widget\" data-e-type=\"widget\" data-widget_type=\"opal-products.default\">\n\t\t\t\t<div class=\"elementor-widget-container\">\n\t\t\t\t\t        <div >\n            <div class=\"woocommerce columns-4 \"><ul class=\"products columns-4\">\n<li class=\"product type-product post-5083 status-publish first instock product_cat-agraf has-post-thumbnail shipping-taxable product-type-simple\">\n\t<div class=\"product-block\"><div class=\"product-transition\"><div class=\"product-image\"><img fetchpriority=\"high\" decoding=\"async\" width=\"300\" height=\"300\" src=\"https:\/\/astekaksesuar.com\/wp-content\/uploads\/2019\/11\/06-10-300x300.jpg\" class=\"attachment-woocommerce_thumbnail size-woocommerce_thumbnail wp-post-image\" alt=\"Agraf 06\" srcset=\"https:\/\/astekaksesuar.com\/wp-content\/uploads\/2019\/11\/06-10-300x300.jpg 300w, https:\/\/astekaksesuar.com\/wp-content\/uploads\/2019\/11\/06-10-100x100.jpg 100w, https:\/\/astekaksesuar.com\/wp-content\/uploads\/2019\/11\/06-10-600x600.jpg 600w, https:\/\/astekaksesuar.com\/wp-content\/uploads\/2019\/11\/06-10-150x150.jpg 150w, https:\/\/astekaksesuar.com\/wp-content\/uploads\/2019\/11\/06-10-768x768.jpg 768w, https:\/\/astekaksesuar.com\/wp-content\/uploads\/2019\/11\/06-10-400x400.jpg 400w, https:\/\/astekaksesuar.com\/wp-content\/uploads\/2019\/11\/06-10.jpg 1000w\" sizes=\"(max-width: 300px) 100vw, 300px\" \/><\/div><div class=\"product-caption\"><div class=\"shop-action\"><\/div><\/div><a href=\"https:\/\/astekaksesuar.com\/?product=agraf-06\" aria-describedby=\"woocommerce_loop_add_to_cart_link_describedby_5083\" data-quantity=\"1\" class=\"button product_type_simple\" data-product_id=\"5083\" data-product_sku=\"\" aria-label=\"&ldquo;Agraf 06&rdquo; hakk\u0131nda daha fazla bilgi edinin\" rel=\"nofollow\" data-success_message=\"\" data-product_price=\"\" data-product_name=\"Agraf 06\" data-google_product_id=\"\">Devam\u0131n\u0131 oku<\/a>\t<span id=\"woocommerce_loop_add_to_cart_link_describedby_5083\" class=\"screen-reader-text\">\n\t\t\t<\/span>\n<a href=\"https:\/\/astekaksesuar.com\/?product=agraf-06\" class=\"woocommerce-LoopProduct-link woocommerce-loop-product__link\"><\/a><\/div><div class=\"caption\"><h3 class=\"woocommerce-loop-product__title\"><a href=\"https:\/\/astekaksesuar.com\/?product=agraf-06\">Agraf 06<\/a><\/h3>\n<\/div><\/div><\/li>\n<li class=\"product type-product post-5081 status-publish instock product_cat-agraf has-post-thumbnail shipping-taxable product-type-simple\">\n\t<div class=\"product-block\"><div class=\"product-transition\"><div class=\"product-image\"><img decoding=\"async\" width=\"300\" height=\"300\" src=\"https:\/\/astekaksesuar.com\/wp-content\/uploads\/2019\/11\/05-11-300x300.jpg\" class=\"attachment-woocommerce_thumbnail size-woocommerce_thumbnail wp-post-image\" alt=\"Agraf 05\" srcset=\"https:\/\/astekaksesuar.com\/wp-content\/uploads\/2019\/11\/05-11-300x300.jpg 300w, https:\/\/astekaksesuar.com\/wp-content\/uploads\/2019\/11\/05-11-100x100.jpg 100w, https:\/\/astekaksesuar.com\/wp-content\/uploads\/2019\/11\/05-11-600x600.jpg 600w, https:\/\/astekaksesuar.com\/wp-content\/uploads\/2019\/11\/05-11-150x150.jpg 150w, https:\/\/astekaksesuar.com\/wp-content\/uploads\/2019\/11\/05-11-768x768.jpg 768w, https:\/\/astekaksesuar.com\/wp-content\/uploads\/2019\/11\/05-11-400x400.jpg 400w, https:\/\/astekaksesuar.com\/wp-content\/uploads\/2019\/11\/05-11.jpg 1000w\" sizes=\"(max-width: 300px) 100vw, 300px\" \/><\/div><div class=\"product-caption\"><div class=\"shop-action\"><\/div><\/div><a href=\"https:\/\/astekaksesuar.com\/?product=agraf-05\" aria-describedby=\"woocommerce_loop_add_to_cart_link_describedby_5081\" data-quantity=\"1\" class=\"button product_type_simple\" data-product_id=\"5081\" data-product_sku=\"\" aria-label=\"&ldquo;Agraf 05&rdquo; hakk\u0131nda daha fazla bilgi edinin\" rel=\"nofollow\" data-success_message=\"\" data-product_price=\"\" data-product_name=\"Agraf 05\" data-google_product_id=\"\">Devam\u0131n\u0131 oku<\/a>\t<span id=\"woocommerce_loop_add_to_cart_link_describedby_5081\" class=\"screen-reader-text\">\n\t\t\t<\/span>\n<a href=\"https:\/\/astekaksesuar.com\/?product=agraf-05\" class=\"woocommerce-LoopProduct-link woocommerce-loop-product__link\"><\/a><\/div><div class=\"caption\"><h3 class=\"woocommerce-loop-product__title\"><a href=\"https:\/\/astekaksesuar.com\/?product=agraf-05\">Agraf 05<\/a><\/h3>\n<\/div><\/div><\/li>\n<li class=\"product type-product post-5079 status-publish instock product_cat-agraf has-post-thumbnail shipping-taxable product-type-simple\">\n\t<div class=\"product-block\"><div class=\"product-transition\"><div class=\"product-image\"><img decoding=\"async\" width=\"300\" height=\"300\" src=\"https:\/\/astekaksesuar.com\/wp-content\/uploads\/2019\/11\/04-11-300x300.jpg\" class=\"attachment-woocommerce_thumbnail size-woocommerce_thumbnail wp-post-image\" alt=\"Agraf 04\" srcset=\"https:\/\/astekaksesuar.com\/wp-content\/uploads\/2019\/11\/04-11-300x300.jpg 300w, https:\/\/astekaksesuar.com\/wp-content\/uploads\/2019\/11\/04-11-150x150.jpg 150w, https:\/\/astekaksesuar.com\/wp-content\/uploads\/2019\/11\/04-11-768x768.jpg 768w, https:\/\/astekaksesuar.com\/wp-content\/uploads\/2019\/11\/04-11-400x400.jpg 400w, https:\/\/astekaksesuar.com\/wp-content\/uploads\/2019\/11\/04-11-100x100.jpg 100w, https:\/\/astekaksesuar.com\/wp-content\/uploads\/2019\/11\/04-11-600x600.jpg 600w, https:\/\/astekaksesuar.com\/wp-content\/uploads\/2019\/11\/04-11.jpg 1000w\" sizes=\"(max-width: 300px) 100vw, 300px\" \/><\/div><div class=\"product-caption\"><div class=\"shop-action\"><\/div><\/div><a href=\"https:\/\/astekaksesuar.com\/?product=agraf-04\" aria-describedby=\"woocommerce_loop_add_to_cart_link_describedby_5079\" data-quantity=\"1\" class=\"button product_type_simple\" data-product_id=\"5079\" data-product_sku=\"\" aria-label=\"&ldquo;Agraf 04&rdquo; hakk\u0131nda daha fazla bilgi edinin\" rel=\"nofollow\" data-success_message=\"\" data-product_price=\"\" data-product_name=\"Agraf 04\" data-google_product_id=\"\">Devam\u0131n\u0131 oku<\/a>\t<span id=\"woocommerce_loop_add_to_cart_link_describedby_5079\" class=\"screen-reader-text\">\n\t\t\t<\/span>\n<a href=\"https:\/\/astekaksesuar.com\/?product=agraf-04\" class=\"woocommerce-LoopProduct-link woocommerce-loop-product__link\"><\/a><\/div><div class=\"caption\"><h3 class=\"woocommerce-loop-product__title\"><a href=\"https:\/\/astekaksesuar.com\/?product=agraf-04\">Agraf 04<\/a><\/h3>\n<\/div><\/div><\/li>\n<li class=\"product type-product post-5077 status-publish last instock product_cat-agraf has-post-thumbnail shipping-taxable product-type-simple\">\n\t<div class=\"product-block\"><div class=\"product-transition\"><div class=\"product-image\"><img loading=\"lazy\" decoding=\"async\" width=\"300\" height=\"300\" src=\"https:\/\/astekaksesuar.com\/wp-content\/uploads\/2019\/11\/03-11-300x300.jpg\" class=\"attachment-woocommerce_thumbnail size-woocommerce_thumbnail wp-post-image\" alt=\"Agraf 03\" srcset=\"https:\/\/astekaksesuar.com\/wp-content\/uploads\/2019\/11\/03-11-300x300.jpg 300w, https:\/\/astekaksesuar.com\/wp-content\/uploads\/2019\/11\/03-11-100x100.jpg 100w, https:\/\/astekaksesuar.com\/wp-content\/uploads\/2019\/11\/03-11-600x600.jpg 600w, https:\/\/astekaksesuar.com\/wp-content\/uploads\/2019\/11\/03-11-150x150.jpg 150w, https:\/\/astekaksesuar.com\/wp-content\/uploads\/2019\/11\/03-11-768x768.jpg 768w, https:\/\/astekaksesuar.com\/wp-content\/uploads\/2019\/11\/03-11-400x400.jpg 400w, https:\/\/astekaksesuar.com\/wp-content\/uploads\/2019\/11\/03-11.jpg 1000w\" sizes=\"(max-width: 300px) 100vw, 300px\" \/><\/div><div class=\"product-caption\"><div class=\"shop-action\"><\/div><\/div><a href=\"https:\/\/astekaksesuar.com\/?product=agraf-03\" aria-describedby=\"woocommerce_loop_add_to_cart_link_describedby_5077\" data-quantity=\"1\" class=\"button product_type_simple\" data-product_id=\"5077\" data-product_sku=\"\" aria-label=\"&ldquo;Agraf 03&rdquo; hakk\u0131nda daha fazla bilgi edinin\" rel=\"nofollow\" data-success_message=\"\" data-product_price=\"\" data-product_name=\"Agraf 03\" data-google_product_id=\"\">Devam\u0131n\u0131 oku<\/a>\t<span id=\"woocommerce_loop_add_to_cart_link_describedby_5077\" class=\"screen-reader-text\">\n\t\t\t<\/span>\n<a href=\"https:\/\/astekaksesuar.com\/?product=agraf-03\" class=\"woocommerce-LoopProduct-link woocommerce-loop-product__link\"><\/a><\/div><div class=\"caption\"><h3 class=\"woocommerce-loop-product__title\"><a href=\"https:\/\/astekaksesuar.com\/?product=agraf-03\">Agraf 03<\/a><\/h3>\n<\/div><\/div><\/li>\n<li class=\"product type-product post-5075 status-publish first instock product_cat-agraf has-post-thumbnail shipping-taxable product-type-simple\">\n\t<div class=\"product-block\"><div class=\"product-transition\"><div class=\"product-image\"><img loading=\"lazy\" decoding=\"async\" width=\"300\" height=\"300\" src=\"https:\/\/astekaksesuar.com\/wp-content\/uploads\/2019\/11\/2-300x300.jpg\" class=\"attachment-woocommerce_thumbnail size-woocommerce_thumbnail wp-post-image\" alt=\"Agraf 02\" srcset=\"https:\/\/astekaksesuar.com\/wp-content\/uploads\/2019\/11\/2-300x300.jpg 300w, https:\/\/astekaksesuar.com\/wp-content\/uploads\/2019\/11\/2-100x100.jpg 100w, https:\/\/astekaksesuar.com\/wp-content\/uploads\/2019\/11\/2-600x600.jpg 600w, https:\/\/astekaksesuar.com\/wp-content\/uploads\/2019\/11\/2-150x150.jpg 150w, https:\/\/astekaksesuar.com\/wp-content\/uploads\/2019\/11\/2-768x768.jpg 768w, https:\/\/astekaksesuar.com\/wp-content\/uploads\/2019\/11\/2-400x400.jpg 400w, https:\/\/astekaksesuar.com\/wp-content\/uploads\/2019\/11\/2.jpg 1000w\" sizes=\"(max-width: 300px) 100vw, 300px\" \/><\/div><div class=\"product-caption\"><div class=\"shop-action\"><\/div><\/div><a href=\"https:\/\/astekaksesuar.com\/?product=agraf-02\" aria-describedby=\"woocommerce_loop_add_to_cart_link_describedby_5075\" data-quantity=\"1\" class=\"button product_type_simple\" data-product_id=\"5075\" data-product_sku=\"\" aria-label=\"&ldquo;Agraf 02&rdquo; hakk\u0131nda daha fazla bilgi edinin\" rel=\"nofollow\" data-success_message=\"\" data-product_price=\"\" data-product_name=\"Agraf 02\" data-google_product_id=\"\">Devam\u0131n\u0131 oku<\/a>\t<span id=\"woocommerce_loop_add_to_cart_link_describedby_5075\" class=\"screen-reader-text\">\n\t\t\t<\/span>\n<a href=\"https:\/\/astekaksesuar.com\/?product=agraf-02\" class=\"woocommerce-LoopProduct-link woocommerce-loop-product__link\"><\/a><\/div><div class=\"caption\"><h3 class=\"woocommerce-loop-product__title\"><a href=\"https:\/\/astekaksesuar.com\/?product=agraf-02\">Agraf 02<\/a><\/h3>\n<\/div><\/div><\/li>\n<li class=\"product type-product post-5067 status-publish instock product_cat-agraf has-post-thumbnail shipping-taxable product-type-simple\">\n\t<div class=\"product-block\"><div class=\"product-transition\"><div class=\"product-image\"><img loading=\"lazy\" decoding=\"async\" width=\"300\" height=\"300\" src=\"https:\/\/astekaksesuar.com\/wp-content\/uploads\/2019\/11\/1-2-300x300.jpg\" class=\"attachment-woocommerce_thumbnail size-woocommerce_thumbnail wp-post-image\" alt=\"Agraf 01\" srcset=\"https:\/\/astekaksesuar.com\/wp-content\/uploads\/2019\/11\/1-2-300x300.jpg 300w, https:\/\/astekaksesuar.com\/wp-content\/uploads\/2019\/11\/1-2-100x100.jpg 100w, https:\/\/astekaksesuar.com\/wp-content\/uploads\/2019\/11\/1-2-600x600.jpg 600w, https:\/\/astekaksesuar.com\/wp-content\/uploads\/2019\/11\/1-2-150x150.jpg 150w, https:\/\/astekaksesuar.com\/wp-content\/uploads\/2019\/11\/1-2-768x768.jpg 768w, https:\/\/astekaksesuar.com\/wp-content\/uploads\/2019\/11\/1-2-400x400.jpg 400w, https:\/\/astekaksesuar.com\/wp-content\/uploads\/2019\/11\/1-2.jpg 1000w\" sizes=\"(max-width: 300px) 100vw, 300px\" \/><\/div><div class=\"product-caption\"><div class=\"shop-action\"><\/div><\/div><a href=\"https:\/\/astekaksesuar.com\/?product=agraf-01\" aria-describedby=\"woocommerce_loop_add_to_cart_link_describedby_5067\" data-quantity=\"1\" class=\"button product_type_simple\" data-product_id=\"5067\" data-product_sku=\"\" aria-label=\"&ldquo;Agraf 01&rdquo; hakk\u0131nda daha fazla bilgi edinin\" rel=\"nofollow\" data-success_message=\"\" data-product_price=\"\" data-product_name=\"Agraf 01\" data-google_product_id=\"\">Devam\u0131n\u0131 oku<\/a>\t<span id=\"woocommerce_loop_add_to_cart_link_describedby_5067\" class=\"screen-reader-text\">\n\t\t\t<\/span>\n<a href=\"https:\/\/astekaksesuar.com\/?product=agraf-01\" class=\"woocommerce-LoopProduct-link woocommerce-loop-product__link\"><\/a><\/div><div class=\"caption\"><h3 class=\"woocommerce-loop-product__title\"><a href=\"https:\/\/astekaksesuar.com\/?product=agraf-01\">Agraf 01<\/a><\/h3>\n<\/div><\/div><\/li>\n<\/ul>\n<\/div>        <\/div>\n        \t\t\t\t<\/div>\n\t\t\t\t<\/div>\n\t\t\t\t\t<\/div>\n\t\t<\/div>\n\t\t\t\t\t<\/div>\n\t\t<\/section>\n\t\t\t\t<\/div>\n\t\t","protected":false},"excerpt":{"rendered":"<p>Ta\u015fl\u0131 Agraflar, metal Agraflar ve Polyester gibi materyallerden ve Farkl\u0131 renklerde Agraflar&#8217;dan olu\u015fan geni\u015f bir \u00fcr\u00fcn yelpazesine sahibiz. K\u00fc\u00e7\u00fck par\u00e7alarla b\u00fcy\u00fck farkl\u0131l\u0131klar yaratabilirsiniz. Devam\u0131n\u0131 oku Agraf 06 Devam\u0131n\u0131 oku Agraf 05 Devam\u0131n\u0131 oku Agraf 04 Devam\u0131n\u0131 oku Agraf 03 Devam\u0131n\u0131 oku Agraf 02 Devam\u0131n\u0131 oku Agraf 01<\/p>\n","protected":false},"author":1,"featured_media":0,"parent":0,"menu_order":0,"comment_status":"closed","ping_status":"closed","template":"","meta":{"footnotes":""},"class_list":["post-4648","page","type-page","status-publish","hentry"],"yoast_head":"<!-- This site is optimized with the Yoast SEO plugin v27.5 - https:\/\/yoast.com\/product\/yoast-seo-wordpress\/ -->\n<title>Agraflar - Astek Aksesuar<\/title>\n<meta name=\"robots\" content=\"index, follow, max-snippet:-1, max-image-preview:large, max-video-preview:-1\" \/>\n<link rel=\"canonical\" href=\"https:\/\/astekaksesuar.com\/?page_id=4648\" \/>\n<meta property=\"og:locale\" content=\"tr_TR\" \/>\n<meta property=\"og:type\" content=\"article\" \/>\n<meta property=\"og:title\" content=\"Agraflar - Astek Aksesuar\" \/>\n<meta property=\"og:description\" content=\"Ta\u015fl\u0131 Agraflar, metal Agraflar ve Polyester gibi materyallerden ve Farkl\u0131 renklerde Agraflar&#8217;dan olu\u015fan geni\u015f bir \u00fcr\u00fcn yelpazesine sahibiz. K\u00fc\u00e7\u00fck par\u00e7alarla b\u00fcy\u00fck farkl\u0131l\u0131klar yaratabilirsiniz. Devam\u0131n\u0131 oku Agraf 06 Devam\u0131n\u0131 oku Agraf 05 Devam\u0131n\u0131 oku Agraf 04 Devam\u0131n\u0131 oku Agraf 03 Devam\u0131n\u0131 oku Agraf 02 Devam\u0131n\u0131 oku Agraf 01\" \/>\n<meta property=\"og:url\" content=\"https:\/\/astekaksesuar.com\/?page_id=4648\" \/>\n<meta property=\"og:site_name\" content=\"Astek Aksesuar\" \/>\n<meta property=\"article:modified_time\" content=\"2019-11-21T17:13:10+00:00\" \/>\n<meta property=\"og:image\" content=\"http:\/\/astekaksesuar.com\/wp-content\/uploads\/elementor\/thumbs\/agaflar_Header-ogrdmp6pmncb7ibgro08988pwh8kyvvmse3frmpjb4.png\" \/>\n<meta name=\"twitter:card\" content=\"summary_large_image\" \/>\n<script type=\"application\/ld+json\" class=\"yoast-schema-graph\">{\"@context\":\"https:\\\/\\\/schema.org\",\"@graph\":[{\"@type\":\"WebPage\",\"@id\":\"https:\\\/\\\/astekaksesuar.com\\\/?page_id=4648\",\"url\":\"https:\\\/\\\/astekaksesuar.com\\\/?page_id=4648\",\"name\":\"Agraflar - Astek Aksesuar\",\"isPartOf\":{\"@id\":\"https:\\\/\\\/astekaksesuar.com\\\/#website\"},\"primaryImageOfPage\":{\"@id\":\"https:\\\/\\\/astekaksesuar.com\\\/?page_id=4648#primaryimage\"},\"image\":{\"@id\":\"https:\\\/\\\/astekaksesuar.com\\\/?page_id=4648#primaryimage\"},\"thumbnailUrl\":\"http:\\\/\\\/astekaksesuar.com\\\/wp-content\\\/uploads\\\/elementor\\\/thumbs\\\/agaflar_Header-ogrdmp6pmncb7ibgro08988pwh8kyvvmse3frmpjb4.png\",\"datePublished\":\"2019-11-15T11:55:39+00:00\",\"dateModified\":\"2019-11-21T17:13:10+00:00\",\"breadcrumb\":{\"@id\":\"https:\\\/\\\/astekaksesuar.com\\\/?page_id=4648#breadcrumb\"},\"inLanguage\":\"tr\",\"potentialAction\":[{\"@type\":\"ReadAction\",\"target\":[\"https:\\\/\\\/astekaksesuar.com\\\/?page_id=4648\"]}]},{\"@type\":\"ImageObject\",\"inLanguage\":\"tr\",\"@id\":\"https:\\\/\\\/astekaksesuar.com\\\/?page_id=4648#primaryimage\",\"url\":\"http:\\\/\\\/astekaksesuar.com\\\/wp-content\\\/uploads\\\/elementor\\\/thumbs\\\/agaflar_Header-ogrdmp6pmncb7ibgro08988pwh8kyvvmse3frmpjb4.png\",\"contentUrl\":\"http:\\\/\\\/astekaksesuar.com\\\/wp-content\\\/uploads\\\/elementor\\\/thumbs\\\/agaflar_Header-ogrdmp6pmncb7ibgro08988pwh8kyvvmse3frmpjb4.png\"},{\"@type\":\"BreadcrumbList\",\"@id\":\"https:\\\/\\\/astekaksesuar.com\\\/?page_id=4648#breadcrumb\",\"itemListElement\":[{\"@type\":\"ListItem\",\"position\":1,\"name\":\"Ana sayfa\",\"item\":\"https:\\\/\\\/astekaksesuar.com\\\/\"},{\"@type\":\"ListItem\",\"position\":2,\"name\":\"Agraflar\"}]},{\"@type\":\"WebSite\",\"@id\":\"https:\\\/\\\/astekaksesuar.com\\\/#website\",\"url\":\"https:\\\/\\\/astekaksesuar.com\\\/\",\"name\":\"Astek Aksesuar\",\"description\":\"Aksesuar, D\u00fc\u011fme, Bro\u015f ve Fermuarlar\",\"publisher\":{\"@id\":\"https:\\\/\\\/astekaksesuar.com\\\/#organization\"},\"potentialAction\":[{\"@type\":\"SearchAction\",\"target\":{\"@type\":\"EntryPoint\",\"urlTemplate\":\"https:\\\/\\\/astekaksesuar.com\\\/?s={search_term_string}\"},\"query-input\":{\"@type\":\"PropertyValueSpecification\",\"valueRequired\":true,\"valueName\":\"search_term_string\"}}],\"inLanguage\":\"tr\"},{\"@type\":\"Organization\",\"@id\":\"https:\\\/\\\/astekaksesuar.com\\\/#organization\",\"name\":\"Astek Aksesuar\",\"url\":\"https:\\\/\\\/astekaksesuar.com\\\/\",\"logo\":{\"@type\":\"ImageObject\",\"inLanguage\":\"tr\",\"@id\":\"https:\\\/\\\/astekaksesuar.com\\\/#\\\/schema\\\/logo\\\/image\\\/\",\"url\":\"\",\"contentUrl\":\"\",\"caption\":\"Astek Aksesuar\"},\"image\":{\"@id\":\"https:\\\/\\\/astekaksesuar.com\\\/#\\\/schema\\\/logo\\\/image\\\/\"}}]}<\/script>\n<!-- \/ Yoast SEO plugin. -->","yoast_head_json":{"title":"Agraflar - Astek Aksesuar","robots":{"index":"index","follow":"follow","max-snippet":"max-snippet:-1","max-image-preview":"max-image-preview:large","max-video-preview":"max-video-preview:-1"},"canonical":"https:\/\/astekaksesuar.com\/?page_id=4648","og_locale":"tr_TR","og_type":"article","og_title":"Agraflar - Astek Aksesuar","og_description":"Ta\u015fl\u0131 Agraflar, metal Agraflar ve Polyester gibi materyallerden ve Farkl\u0131 renklerde Agraflar&#8217;dan olu\u015fan geni\u015f bir \u00fcr\u00fcn yelpazesine sahibiz. K\u00fc\u00e7\u00fck par\u00e7alarla b\u00fcy\u00fck farkl\u0131l\u0131klar yaratabilirsiniz. Devam\u0131n\u0131 oku Agraf 06 Devam\u0131n\u0131 oku Agraf 05 Devam\u0131n\u0131 oku Agraf 04 Devam\u0131n\u0131 oku Agraf 03 Devam\u0131n\u0131 oku Agraf 02 Devam\u0131n\u0131 oku Agraf 01","og_url":"https:\/\/astekaksesuar.com\/?page_id=4648","og_site_name":"Astek Aksesuar","article_modified_time":"2019-11-21T17:13:10+00:00","og_image":[{"url":"http:\/\/astekaksesuar.com\/wp-content\/uploads\/elementor\/thumbs\/agaflar_Header-ogrdmp6pmncb7ibgro08988pwh8kyvvmse3frmpjb4.png","type":"","width":"","height":""}],"twitter_card":"summary_large_image","schema":{"@context":"https:\/\/schema.org","@graph":[{"@type":"WebPage","@id":"https:\/\/astekaksesuar.com\/?page_id=4648","url":"https:\/\/astekaksesuar.com\/?page_id=4648","name":"Agraflar - Astek Aksesuar","isPartOf":{"@id":"https:\/\/astekaksesuar.com\/#website"},"primaryImageOfPage":{"@id":"https:\/\/astekaksesuar.com\/?page_id=4648#primaryimage"},"image":{"@id":"https:\/\/astekaksesuar.com\/?page_id=4648#primaryimage"},"thumbnailUrl":"http:\/\/astekaksesuar.com\/wp-content\/uploads\/elementor\/thumbs\/agaflar_Header-ogrdmp6pmncb7ibgro08988pwh8kyvvmse3frmpjb4.png","datePublished":"2019-11-15T11:55:39+00:00","dateModified":"2019-11-21T17:13:10+00:00","breadcrumb":{"@id":"https:\/\/astekaksesuar.com\/?page_id=4648#breadcrumb"},"inLanguage":"tr","potentialAction":[{"@type":"ReadAction","target":["https:\/\/astekaksesuar.com\/?page_id=4648"]}]},{"@type":"ImageObject","inLanguage":"tr","@id":"https:\/\/astekaksesuar.com\/?page_id=4648#primaryimage","url":"http:\/\/astekaksesuar.com\/wp-content\/uploads\/elementor\/thumbs\/agaflar_Header-ogrdmp6pmncb7ibgro08988pwh8kyvvmse3frmpjb4.png","contentUrl":"http:\/\/astekaksesuar.com\/wp-content\/uploads\/elementor\/thumbs\/agaflar_Header-ogrdmp6pmncb7ibgro08988pwh8kyvvmse3frmpjb4.png"},{"@type":"BreadcrumbList","@id":"https:\/\/astekaksesuar.com\/?page_id=4648#breadcrumb","itemListElement":[{"@type":"ListItem","position":1,"name":"Ana sayfa","item":"https:\/\/astekaksesuar.com\/"},{"@type":"ListItem","position":2,"name":"Agraflar"}]},{"@type":"WebSite","@id":"https:\/\/astekaksesuar.com\/#website","url":"https:\/\/astekaksesuar.com\/","name":"Astek Aksesuar","description":"Aksesuar, D\u00fc\u011fme, Bro\u015f ve Fermuarlar","publisher":{"@id":"https:\/\/astekaksesuar.com\/#organization"},"potentialAction":[{"@type":"SearchAction","target":{"@type":"EntryPoint","urlTemplate":"https:\/\/astekaksesuar.com\/?s={search_term_string}"},"query-input":{"@type":"PropertyValueSpecification","valueRequired":true,"valueName":"search_term_string"}}],"inLanguage":"tr"},{"@type":"Organization","@id":"https:\/\/astekaksesuar.com\/#organization","name":"Astek Aksesuar","url":"https:\/\/astekaksesuar.com\/","logo":{"@type":"ImageObject","inLanguage":"tr","@id":"https:\/\/astekaksesuar.com\/#\/schema\/logo\/image\/","url":"","contentUrl":"","caption":"Astek Aksesuar"},"image":{"@id":"https:\/\/astekaksesuar.com\/#\/schema\/logo\/image\/"}}]}},"_links":{"self":[{"href":"https:\/\/astekaksesuar.com\/index.php?rest_route=\/wp\/v2\/pages\/4648","targetHints":{"allow":["GET"]}}],"collection":[{"href":"https:\/\/astekaksesuar.com\/index.php?rest_route=\/wp\/v2\/pages"}],"about":[{"href":"https:\/\/astekaksesuar.com\/index.php?rest_route=\/wp\/v2\/types\/page"}],"author":[{"embeddable":true,"href":"https:\/\/astekaksesuar.com\/index.php?rest_route=\/wp\/v2\/users\/1"}],"replies":[{"embeddable":true,"href":"https:\/\/astekaksesuar.com\/index.php?rest_route=%2Fwp%2Fv2%2Fcomments&post=4648"}],"version-history":[{"count":4,"href":"https:\/\/astekaksesuar.com\/index.php?rest_route=\/wp\/v2\/pages\/4648\/revisions"}],"predecessor-version":[{"id":5390,"href":"https:\/\/astekaksesuar.com\/index.php?rest_route=\/wp\/v2\/pages\/4648\/revisions\/5390"}],"wp:attachment":[{"href":"https:\/\/astekaksesuar.com\/index.php?rest_route=%2Fwp%2Fv2%2Fmedia&parent=4648"}],"curies":[{"name":"wp","href":"https:\/\/api.w.org\/{rel}","templated":true}]}}