{"id":4636,"date":"2019-11-15T11:54:12","date_gmt":"2019-11-15T11:54:12","guid":{"rendered":"http:\/\/astekaksesuar.com\/?page_id=4636"},"modified":"2019-11-15T15:26:35","modified_gmt":"2019-11-15T15:26:35","slug":"dugmeler","status":"publish","type":"page","link":"https:\/\/astekaksesuar.com\/?page_id=4636","title":{"rendered":"D\u00fc\u011fmeler"},"content":{"rendered":"\t\t<div data-elementor-type=\"wp-page\" data-elementor-id=\"4636\" class=\"elementor elementor-4636\">\n\t\t\t\t\t\t<section class=\"elementor-section elementor-top-section elementor-element elementor-element-ff4f055 elementor-section-boxed elementor-section-height-default elementor-section-height-default\" data-id=\"ff4f055\" data-element_type=\"section\" data-e-type=\"section\">\n\t\t\t\t\t\t<div class=\"elementor-container elementor-column-gap-default\">\n\t\t\t\t\t<div class=\"elementor-column elementor-col-100 elementor-top-column elementor-element elementor-element-b037bc3\" data-id=\"b037bc3\" data-element_type=\"column\" data-e-type=\"column\">\n\t\t\t<div class=\"elementor-widget-wrap elementor-element-populated\">\n\t\t\t\t\t\t<div class=\"elementor-element elementor-element-6c3f5c0 elementor-widget elementor-widget-image\" data-id=\"6c3f5c0\" data-element_type=\"widget\" data-e-type=\"widget\" data-widget_type=\"image.default\">\n\t\t\t\t<div class=\"elementor-widget-container\">\n\t\t\t\t\t        <div class=\"elementor-image\">\n                                                <img decoding=\"async\" src=\"https:\/\/astekaksesuar.com\/wp-content\/uploads\/2019\/11\/Buttons_Header01-1.png\" title=\"Buttons_Header01\" alt=\"Buttons_Header01\" loading=\"lazy\" \/>                                                            <\/div>\n        \t\t\t\t<\/div>\n\t\t\t\t<\/div>\n\t\t\t\t\t<\/div>\n\t\t<\/div>\n\t\t\t\t\t<\/div>\n\t\t<\/section>\n\t\t\t\t<section class=\"elementor-section elementor-top-section elementor-element elementor-element-23d7837 elementor-section-boxed elementor-section-height-default elementor-section-height-default\" data-id=\"23d7837\" data-element_type=\"section\" data-e-type=\"section\">\n\t\t\t\t\t\t<div class=\"elementor-container elementor-column-gap-default\">\n\t\t\t\t\t<div class=\"elementor-column elementor-col-25 elementor-top-column elementor-element elementor-element-fd1b893\" data-id=\"fd1b893\" data-element_type=\"column\" data-e-type=\"column\">\n\t\t\t<div class=\"elementor-widget-wrap elementor-element-populated\">\n\t\t\t\t\t\t<div class=\"elementor-element elementor-element-72a64de elementor-vertical-align-flex-end elementor-widget elementor-widget-opal-product-categories\" data-id=\"72a64de\" data-element_type=\"widget\" data-e-type=\"widget\" data-widget_type=\"opal-product-categories.default\">\n\t\t\t\t<div class=\"elementor-widget-container\">\n\t\t\t\t\t\n            <div class=\"product-cats\">\n                <div class=\"cats-image\">\n                                            <img decoding=\"async\" src=\"https:\/\/astekaksesuar.com\/wp-content\/uploads\/2019\/11\/02-3.png\"\n                             alt=\"Ayakl\u0131 Polyester D\u00fc\u011fmeler\">\n                                        <\/div>\n                <div class=\"product-cats-meta\">\n                    <div class=\"cats-title\">\n                        <a href=\"https:\/\/astekaksesuar.com\/?product_cat=ayaklipolyesterdugmeler\"\n                           title=\"Ayakl\u0131 Polyester D\u00fc\u011fmeler\">\n                            Ayakl\u0131 Polyester D\u00fc\u011fmeler                        <\/a>\n                    <\/div>\n                    <div class=\"cats-total\">\n                        8 items                    <\/div>\n                                    <\/div>\n            <\/div>\n\n            \t\t\t\t<\/div>\n\t\t\t\t<\/div>\n\t\t\t\t\t<\/div>\n\t\t<\/div>\n\t\t\t\t<div class=\"elementor-column elementor-col-25 elementor-top-column elementor-element elementor-element-2413e7f\" data-id=\"2413e7f\" data-element_type=\"column\" data-e-type=\"column\">\n\t\t\t<div class=\"elementor-widget-wrap elementor-element-populated\">\n\t\t\t\t\t\t<div class=\"elementor-element elementor-element-21e671f elementor-vertical-align-flex-end elementor-widget elementor-widget-opal-product-categories\" data-id=\"21e671f\" data-element_type=\"widget\" data-e-type=\"widget\" data-widget_type=\"opal-product-categories.default\">\n\t\t\t\t<div class=\"elementor-widget-container\">\n\t\t\t\t\t\n            <div class=\"product-cats\">\n                <div class=\"cats-image\">\n                                            <img decoding=\"async\" src=\"https:\/\/astekaksesuar.com\/wp-content\/uploads\/2019\/11\/04.png\"\n                             alt=\"Delikli Polyester D\u00fc\u011fmeler\">\n                                        <\/div>\n                <div class=\"product-cats-meta\">\n                    <div class=\"cats-title\">\n                        <a href=\"https:\/\/astekaksesuar.com\/?product_cat=deliklipolyesterdugmeler\"\n                           title=\"Delikli Polyester D\u00fc\u011fmeler\">\n                            Delikli Polyester D\u00fc\u011fmeler                        <\/a>\n                    <\/div>\n                    <div class=\"cats-total\">\n                        10 items                    <\/div>\n                                    <\/div>\n            <\/div>\n\n            \t\t\t\t<\/div>\n\t\t\t\t<\/div>\n\t\t\t\t\t<\/div>\n\t\t<\/div>\n\t\t\t\t<div class=\"elementor-column elementor-col-25 elementor-top-column elementor-element elementor-element-8696757\" data-id=\"8696757\" data-element_type=\"column\" data-e-type=\"column\">\n\t\t\t<div class=\"elementor-widget-wrap elementor-element-populated\">\n\t\t\t\t\t\t<div class=\"elementor-element elementor-element-c39abc6 elementor-vertical-align-flex-end elementor-widget elementor-widget-opal-product-categories\" data-id=\"c39abc6\" data-element_type=\"widget\" data-e-type=\"widget\" data-widget_type=\"opal-product-categories.default\">\n\t\t\t\t<div class=\"elementor-widget-container\">\n\t\t\t\t\t\n            <div class=\"product-cats\">\n                <div class=\"cats-image\">\n                                            <img decoding=\"async\" src=\"https:\/\/astekaksesuar.com\/wp-content\/uploads\/2019\/11\/01-1.png\"\n                             alt=\"Metal Ayakl\u0131 D\u00fc\u011fmeler\">\n                                        <\/div>\n                <div class=\"product-cats-meta\">\n                    <div class=\"cats-title\">\n                        <a href=\"https:\/\/astekaksesuar.com\/?product_cat=metalayaklidugmeler\"\n                           title=\"Metal Ayakl\u0131 D\u00fc\u011fmeler\">\n                            Metal Ayakl\u0131 D\u00fc\u011fmeler                        <\/a>\n                    <\/div>\n                    <div class=\"cats-total\">\n                        9 items                    <\/div>\n                                    <\/div>\n            <\/div>\n\n            \t\t\t\t<\/div>\n\t\t\t\t<\/div>\n\t\t\t\t\t<\/div>\n\t\t<\/div>\n\t\t\t\t<div class=\"elementor-column elementor-col-25 elementor-top-column elementor-element elementor-element-a41c0b6\" data-id=\"a41c0b6\" data-element_type=\"column\" data-e-type=\"column\">\n\t\t\t<div class=\"elementor-widget-wrap elementor-element-populated\">\n\t\t\t\t\t\t<div class=\"elementor-element elementor-element-cd5e5bb elementor-vertical-align-flex-end elementor-widget elementor-widget-opal-product-categories\" data-id=\"cd5e5bb\" data-element_type=\"widget\" data-e-type=\"widget\" data-widget_type=\"opal-product-categories.default\">\n\t\t\t\t<div class=\"elementor-widget-container\">\n\t\t\t\t\t\n            <div class=\"product-cats\">\n                <div class=\"cats-image\">\n                                            <img decoding=\"async\" src=\"https:\/\/astekaksesuar.com\/wp-content\/uploads\/2019\/11\/06.png\"\n                             alt=\"Metal Delikli D\u00fc\u011fmeler\">\n                                        <\/div>\n                <div class=\"product-cats-meta\">\n                    <div class=\"cats-title\">\n                        <a href=\"https:\/\/astekaksesuar.com\/?product_cat=metaldeliklidugmeler\"\n                           title=\"Metal Delikli D\u00fc\u011fmeler\">\n                            Metal Delikli D\u00fc\u011fmeler                        <\/a>\n                    <\/div>\n                    <div class=\"cats-total\">\n                        6 items                    <\/div>\n                                    <\/div>\n            <\/div>\n\n            \t\t\t\t<\/div>\n\t\t\t\t<\/div>\n\t\t\t\t\t<\/div>\n\t\t<\/div>\n\t\t\t\t\t<\/div>\n\t\t<\/section>\n\t\t\t\t<section class=\"elementor-section elementor-top-section elementor-element elementor-element-7043a47 elementor-section-boxed elementor-section-height-default elementor-section-height-default\" data-id=\"7043a47\" data-element_type=\"section\" data-e-type=\"section\">\n\t\t\t\t\t\t<div class=\"elementor-container elementor-column-gap-default\">\n\t\t\t\t\t<div class=\"elementor-column elementor-col-25 elementor-top-column elementor-element elementor-element-2d2ebcb\" data-id=\"2d2ebcb\" data-element_type=\"column\" data-e-type=\"column\">\n\t\t\t<div class=\"elementor-widget-wrap elementor-element-populated\">\n\t\t\t\t\t\t<div class=\"elementor-element elementor-element-4d8e96a elementor-vertical-align-flex-end elementor-widget elementor-widget-opal-product-categories\" data-id=\"4d8e96a\" data-element_type=\"widget\" data-e-type=\"widget\" data-widget_type=\"opal-product-categories.default\">\n\t\t\t\t<div class=\"elementor-widget-container\">\n\t\t\t\t\t\n            <div class=\"product-cats\">\n                <div class=\"cats-image\">\n                                            <img decoding=\"async\" src=\"https:\/\/astekaksesuar.com\/wp-content\/uploads\/2019\/11\/02-5.png\"\n                             alt=\"Metal Ta\u015fl\u0131 D\u00fc\u011fmeler\">\n                                        <\/div>\n                <div class=\"product-cats-meta\">\n                    <div class=\"cats-title\">\n                        <a href=\"https:\/\/astekaksesuar.com\/?product_cat=metaltaslidugmeler\"\n                           title=\"Metal Ta\u015fl\u0131 D\u00fc\u011fmeler\">\n                            Metal Ta\u015fl\u0131 D\u00fc\u011fmeler                        <\/a>\n                    <\/div>\n                    <div class=\"cats-total\">\n                        8 items                    <\/div>\n                                    <\/div>\n            <\/div>\n\n            \t\t\t\t<\/div>\n\t\t\t\t<\/div>\n\t\t\t\t\t<\/div>\n\t\t<\/div>\n\t\t\t\t<div class=\"elementor-column elementor-col-25 elementor-top-column elementor-element elementor-element-64b4611\" data-id=\"64b4611\" data-element_type=\"column\" data-e-type=\"column\">\n\t\t\t<div class=\"elementor-widget-wrap\">\n\t\t\t\t\t\t\t<\/div>\n\t\t<\/div>\n\t\t\t\t<div class=\"elementor-column elementor-col-25 elementor-top-column elementor-element elementor-element-a9a5802\" data-id=\"a9a5802\" data-element_type=\"column\" data-e-type=\"column\">\n\t\t\t<div class=\"elementor-widget-wrap\">\n\t\t\t\t\t\t\t<\/div>\n\t\t<\/div>\n\t\t\t\t<div class=\"elementor-column elementor-col-25 elementor-top-column elementor-element elementor-element-aca552e\" data-id=\"aca552e\" data-element_type=\"column\" data-e-type=\"column\">\n\t\t\t<div class=\"elementor-widget-wrap\">\n\t\t\t\t\t\t\t<\/div>\n\t\t<\/div>\n\t\t\t\t\t<\/div>\n\t\t<\/section>\n\t\t\t\t<\/div>\n\t\t","protected":false},"excerpt":{"rendered":"<p>Ayakl\u0131 Polyester D\u00fc\u011fmeler 8 items Delikli Polyester D\u00fc\u011fmeler 10 items Metal Ayakl\u0131 D\u00fc\u011fmeler 9 items Metal Delikli D\u00fc\u011fmeler 6 items Metal Ta\u015fl\u0131 D\u00fc\u011fmeler 8 items<\/p>\n","protected":false},"author":1,"featured_media":0,"parent":0,"menu_order":0,"comment_status":"closed","ping_status":"closed","template":"","meta":{"footnotes":""},"class_list":["post-4636","page","type-page","status-publish","hentry"],"yoast_head":"<!-- This site is optimized with the Yoast SEO plugin v27.5 - https:\/\/yoast.com\/product\/yoast-seo-wordpress\/ -->\n<title>D\u00fc\u011fmeler - Astek Aksesuar<\/title>\n<meta name=\"robots\" content=\"index, follow, max-snippet:-1, max-image-preview:large, max-video-preview:-1\" \/>\n<link rel=\"canonical\" href=\"https:\/\/astekaksesuar.com\/?page_id=4636\" \/>\n<meta property=\"og:locale\" content=\"tr_TR\" \/>\n<meta property=\"og:type\" content=\"article\" \/>\n<meta property=\"og:title\" content=\"D\u00fc\u011fmeler - Astek Aksesuar\" \/>\n<meta property=\"og:description\" content=\"Ayakl\u0131 Polyester D\u00fc\u011fmeler 8 items Delikli Polyester D\u00fc\u011fmeler 10 items Metal Ayakl\u0131 D\u00fc\u011fmeler 9 items Metal Delikli D\u00fc\u011fmeler 6 items Metal Ta\u015fl\u0131 D\u00fc\u011fmeler 8 items\" \/>\n<meta property=\"og:url\" content=\"https:\/\/astekaksesuar.com\/?page_id=4636\" \/>\n<meta property=\"og:site_name\" content=\"Astek Aksesuar\" \/>\n<meta property=\"article:modified_time\" content=\"2019-11-15T15:26:35+00:00\" \/>\n<meta property=\"og:image\" content=\"http:\/\/astekaksesuar.com\/wp-content\/uploads\/elementor\/thumbs\/Buttons_Header01-1-ogr85b2uf54l3h1heccon1fyzi5oj48vne4nnrdtz4.png\" \/>\n<meta name=\"twitter:card\" content=\"summary_large_image\" \/>\n<script type=\"application\/ld+json\" class=\"yoast-schema-graph\">{\"@context\":\"https:\\\/\\\/schema.org\",\"@graph\":[{\"@type\":\"WebPage\",\"@id\":\"https:\\\/\\\/astekaksesuar.com\\\/?page_id=4636\",\"url\":\"https:\\\/\\\/astekaksesuar.com\\\/?page_id=4636\",\"name\":\"D\u00fc\u011fmeler - Astek Aksesuar\",\"isPartOf\":{\"@id\":\"https:\\\/\\\/astekaksesuar.com\\\/#website\"},\"primaryImageOfPage\":{\"@id\":\"https:\\\/\\\/astekaksesuar.com\\\/?page_id=4636#primaryimage\"},\"image\":{\"@id\":\"https:\\\/\\\/astekaksesuar.com\\\/?page_id=4636#primaryimage\"},\"thumbnailUrl\":\"http:\\\/\\\/astekaksesuar.com\\\/wp-content\\\/uploads\\\/elementor\\\/thumbs\\\/Buttons_Header01-1-ogr85b2uf54l3h1heccon1fyzi5oj48vne4nnrdtz4.png\",\"datePublished\":\"2019-11-15T11:54:12+00:00\",\"dateModified\":\"2019-11-15T15:26:35+00:00\",\"breadcrumb\":{\"@id\":\"https:\\\/\\\/astekaksesuar.com\\\/?page_id=4636#breadcrumb\"},\"inLanguage\":\"tr\",\"potentialAction\":[{\"@type\":\"ReadAction\",\"target\":[\"https:\\\/\\\/astekaksesuar.com\\\/?page_id=4636\"]}]},{\"@type\":\"ImageObject\",\"inLanguage\":\"tr\",\"@id\":\"https:\\\/\\\/astekaksesuar.com\\\/?page_id=4636#primaryimage\",\"url\":\"http:\\\/\\\/astekaksesuar.com\\\/wp-content\\\/uploads\\\/elementor\\\/thumbs\\\/Buttons_Header01-1-ogr85b2uf54l3h1heccon1fyzi5oj48vne4nnrdtz4.png\",\"contentUrl\":\"http:\\\/\\\/astekaksesuar.com\\\/wp-content\\\/uploads\\\/elementor\\\/thumbs\\\/Buttons_Header01-1-ogr85b2uf54l3h1heccon1fyzi5oj48vne4nnrdtz4.png\"},{\"@type\":\"BreadcrumbList\",\"@id\":\"https:\\\/\\\/astekaksesuar.com\\\/?page_id=4636#breadcrumb\",\"itemListElement\":[{\"@type\":\"ListItem\",\"position\":1,\"name\":\"Ana sayfa\",\"item\":\"https:\\\/\\\/astekaksesuar.com\\\/\"},{\"@type\":\"ListItem\",\"position\":2,\"name\":\"D\u00fc\u011fmeler\"}]},{\"@type\":\"WebSite\",\"@id\":\"https:\\\/\\\/astekaksesuar.com\\\/#website\",\"url\":\"https:\\\/\\\/astekaksesuar.com\\\/\",\"name\":\"Astek Aksesuar\",\"description\":\"Aksesuar, D\u00fc\u011fme, Bro\u015f ve Fermuarlar\",\"publisher\":{\"@id\":\"https:\\\/\\\/astekaksesuar.com\\\/#organization\"},\"potentialAction\":[{\"@type\":\"SearchAction\",\"target\":{\"@type\":\"EntryPoint\",\"urlTemplate\":\"https:\\\/\\\/astekaksesuar.com\\\/?s={search_term_string}\"},\"query-input\":{\"@type\":\"PropertyValueSpecification\",\"valueRequired\":true,\"valueName\":\"search_term_string\"}}],\"inLanguage\":\"tr\"},{\"@type\":\"Organization\",\"@id\":\"https:\\\/\\\/astekaksesuar.com\\\/#organization\",\"name\":\"Astek Aksesuar\",\"url\":\"https:\\\/\\\/astekaksesuar.com\\\/\",\"logo\":{\"@type\":\"ImageObject\",\"inLanguage\":\"tr\",\"@id\":\"https:\\\/\\\/astekaksesuar.com\\\/#\\\/schema\\\/logo\\\/image\\\/\",\"url\":\"\",\"contentUrl\":\"\",\"caption\":\"Astek Aksesuar\"},\"image\":{\"@id\":\"https:\\\/\\\/astekaksesuar.com\\\/#\\\/schema\\\/logo\\\/image\\\/\"}}]}<\/script>\n<!-- \/ Yoast SEO plugin. -->","yoast_head_json":{"title":"D\u00fc\u011fmeler - Astek Aksesuar","robots":{"index":"index","follow":"follow","max-snippet":"max-snippet:-1","max-image-preview":"max-image-preview:large","max-video-preview":"max-video-preview:-1"},"canonical":"https:\/\/astekaksesuar.com\/?page_id=4636","og_locale":"tr_TR","og_type":"article","og_title":"D\u00fc\u011fmeler - Astek Aksesuar","og_description":"Ayakl\u0131 Polyester D\u00fc\u011fmeler 8 items Delikli Polyester D\u00fc\u011fmeler 10 items Metal Ayakl\u0131 D\u00fc\u011fmeler 9 items Metal Delikli D\u00fc\u011fmeler 6 items Metal Ta\u015fl\u0131 D\u00fc\u011fmeler 8 items","og_url":"https:\/\/astekaksesuar.com\/?page_id=4636","og_site_name":"Astek Aksesuar","article_modified_time":"2019-11-15T15:26:35+00:00","og_image":[{"url":"http:\/\/astekaksesuar.com\/wp-content\/uploads\/elementor\/thumbs\/Buttons_Header01-1-ogr85b2uf54l3h1heccon1fyzi5oj48vne4nnrdtz4.png","type":"","width":"","height":""}],"twitter_card":"summary_large_image","schema":{"@context":"https:\/\/schema.org","@graph":[{"@type":"WebPage","@id":"https:\/\/astekaksesuar.com\/?page_id=4636","url":"https:\/\/astekaksesuar.com\/?page_id=4636","name":"D\u00fc\u011fmeler - Astek Aksesuar","isPartOf":{"@id":"https:\/\/astekaksesuar.com\/#website"},"primaryImageOfPage":{"@id":"https:\/\/astekaksesuar.com\/?page_id=4636#primaryimage"},"image":{"@id":"https:\/\/astekaksesuar.com\/?page_id=4636#primaryimage"},"thumbnailUrl":"http:\/\/astekaksesuar.com\/wp-content\/uploads\/elementor\/thumbs\/Buttons_Header01-1-ogr85b2uf54l3h1heccon1fyzi5oj48vne4nnrdtz4.png","datePublished":"2019-11-15T11:54:12+00:00","dateModified":"2019-11-15T15:26:35+00:00","breadcrumb":{"@id":"https:\/\/astekaksesuar.com\/?page_id=4636#breadcrumb"},"inLanguage":"tr","potentialAction":[{"@type":"ReadAction","target":["https:\/\/astekaksesuar.com\/?page_id=4636"]}]},{"@type":"ImageObject","inLanguage":"tr","@id":"https:\/\/astekaksesuar.com\/?page_id=4636#primaryimage","url":"http:\/\/astekaksesuar.com\/wp-content\/uploads\/elementor\/thumbs\/Buttons_Header01-1-ogr85b2uf54l3h1heccon1fyzi5oj48vne4nnrdtz4.png","contentUrl":"http:\/\/astekaksesuar.com\/wp-content\/uploads\/elementor\/thumbs\/Buttons_Header01-1-ogr85b2uf54l3h1heccon1fyzi5oj48vne4nnrdtz4.png"},{"@type":"BreadcrumbList","@id":"https:\/\/astekaksesuar.com\/?page_id=4636#breadcrumb","itemListElement":[{"@type":"ListItem","position":1,"name":"Ana sayfa","item":"https:\/\/astekaksesuar.com\/"},{"@type":"ListItem","position":2,"name":"D\u00fc\u011fmeler"}]},{"@type":"WebSite","@id":"https:\/\/astekaksesuar.com\/#website","url":"https:\/\/astekaksesuar.com\/","name":"Astek Aksesuar","description":"Aksesuar, D\u00fc\u011fme, Bro\u015f ve Fermuarlar","publisher":{"@id":"https:\/\/astekaksesuar.com\/#organization"},"potentialAction":[{"@type":"SearchAction","target":{"@type":"EntryPoint","urlTemplate":"https:\/\/astekaksesuar.com\/?s={search_term_string}"},"query-input":{"@type":"PropertyValueSpecification","valueRequired":true,"valueName":"search_term_string"}}],"inLanguage":"tr"},{"@type":"Organization","@id":"https:\/\/astekaksesuar.com\/#organization","name":"Astek Aksesuar","url":"https:\/\/astekaksesuar.com\/","logo":{"@type":"ImageObject","inLanguage":"tr","@id":"https:\/\/astekaksesuar.com\/#\/schema\/logo\/image\/","url":"","contentUrl":"","caption":"Astek Aksesuar"},"image":{"@id":"https:\/\/astekaksesuar.com\/#\/schema\/logo\/image\/"}}]}},"_links":{"self":[{"href":"https:\/\/astekaksesuar.com\/index.php?rest_route=\/wp\/v2\/pages\/4636","targetHints":{"allow":["GET"]}}],"collection":[{"href":"https:\/\/astekaksesuar.com\/index.php?rest_route=\/wp\/v2\/pages"}],"about":[{"href":"https:\/\/astekaksesuar.com\/index.php?rest_route=\/wp\/v2\/types\/page"}],"author":[{"embeddable":true,"href":"https:\/\/astekaksesuar.com\/index.php?rest_route=\/wp\/v2\/users\/1"}],"replies":[{"embeddable":true,"href":"https:\/\/astekaksesuar.com\/index.php?rest_route=%2Fwp%2Fv2%2Fcomments&post=4636"}],"version-history":[{"count":7,"href":"https:\/\/astekaksesuar.com\/index.php?rest_route=\/wp\/v2\/pages\/4636\/revisions"}],"predecessor-version":[{"id":5285,"href":"https:\/\/astekaksesuar.com\/index.php?rest_route=\/wp\/v2\/pages\/4636\/revisions\/5285"}],"wp:attachment":[{"href":"https:\/\/astekaksesuar.com\/index.php?rest_route=%2Fwp%2Fv2%2Fmedia&parent=4636"}],"curies":[{"name":"wp","href":"https:\/\/api.w.org\/{rel}","templated":true}]}}